{"id":51878,"date":"2022-08-10T16:51:29","date_gmt":"2022-08-10T22:51:29","guid":{"rendered":"https:\/\/www.grmbibleinstitute.com\/aviso-de-privacidad\/"},"modified":"2024-11-26T13:26:43","modified_gmt":"2024-11-26T19:26:43","slug":"aviso-de-privacidad","status":"publish","type":"page","link":"https:\/\/www.grmbibleinstitute.com\/es\/aviso-de-privacidad\/","title":{"rendered":"Aviso de Privacidad"},"content":{"rendered":"\n<p>\u00daltima actualizaci\u00f3n: 2024-10-18<\/p>\n\n<p>En Kad-Esh MAP Ministries, nos comprometemos a proteger su privacidad. Este Aviso de privacidad describe c\u00f3mo recopilamos, utilizamos, divulgamos y protegemos su informaci\u00f3n cuando visita nuestro sitio web.<\/p>\n\n<ol class=\"wp-block-list\">\n<li><strong>Informaci\u00f3n que Recopilamos<\/strong><\/li>\n<\/ol>\n\n<p>Podr\u00edamos recopilar los siguientes tipos de informaci\u00f3n:<\/p>\n\n<ul class=\"wp-block-list\">\n<li><strong>Informaci\u00f3n personal:<\/strong> Esto incluye la informaci\u00f3n que usted proporciona directamente, como su nombre, direcci\u00f3n de correo electr\u00f3nico, n\u00famero de tel\u00e9fono y cualquier otra informaci\u00f3n que nos env\u00ede.<\/li>\n\n\n\n<li><strong>Uso de datos:<\/strong> Podemos recopilar informaci\u00f3n sobre c\u00f3mo utiliza nuestro sitio web, incluida su direcci\u00f3n IP, el tipo de navegador, las p\u00e1ginas visitadas y la fecha y hora de sus visitas.<\/li>\n\n\n\n<li><strong>Cookies y tecnolog\u00edas de seguimiento:<\/strong> Podemos utilizar cookies y tecnolog\u00edas de seguimiento similares para supervisar la actividad en nuestro sitio web y almacenar cierta informaci\u00f3n.<\/li>\n<\/ul>\n\n<ol start=\"2\" class=\"wp-block-list\">\n<li><strong>C\u00f3mo Utilizamos su Informaci\u00f3n<\/strong><\/li>\n<\/ol>\n\n<p>Utilizamos la informaci\u00f3n que recopilamos para diversos fines, entre ellos:<\/p>\n\n<ul class=\"wp-block-list\">\n<li>Proporcionar y mantener nuestro sitio web.<\/li>\n\n\n\n<li>Para notificarle cambios en nuestro sitio web o en nuestros servicios.<\/li>\n\n\n\n<li>Permitirle participar en funciones interactivas de nuestro sitio web cuando decida hacerlo.<\/li>\n\n\n\n<li>Proporcionar asistencia al cliente.<\/li>\n\n\n\n<li>Para recopilar an\u00e1lisis o informaci\u00f3n valiosa que nos permita mejorar nuestro sitio web.<\/li>\n\n\n\n<li>Supervisar el uso de nuestro sitio web.<\/li>\n\n\n\n<li>Detectar, prevenir y resolver problemas t\u00e9cnicos.<\/li>\n\n\n\n<li>Para enviarle boletines informativos, material promocional o de publicidad (usted puede darse de baja en cualquier momento).<\/li>\n<\/ul>\n\n<ol start=\"3\" class=\"wp-block-list\">\n<li><strong>Divulgaci\u00f3n de sus Datos<\/strong><\/li>\n<\/ol>\n\n<p>Podemos compartir su informaci\u00f3n en las siguientes situaciones:<\/p>\n\n<ul class=\"wp-block-list\">\n<li><strong>Con proveedores de servicios:<\/strong> Es posible que compartamos su informaci\u00f3n personal con terceros vendedores, proveedores de servicios, contratistas o agentes que presten servicios para nosotros o en nuestro nombre.<\/li>\n\n\n\n<li><strong>Para transferencias empresariales:<\/strong> Si participamos en una fusi\u00f3n, adquisici\u00f3n o venta de activos, su informaci\u00f3n personal puede ser transferida.<\/li>\n\n\n\n<li><strong>Requisitos legales:<\/strong> Podemos revelar su informaci\u00f3n personal si as\u00ed lo exige la ley o en respuesta a solicitudes v\u00e1lidas de las autoridades p\u00fablicas.<\/li>\n<\/ul>\n\n<ol start=\"4\" class=\"wp-block-list\">\n<li><strong>Seguridad de los Datos<\/strong><\/li>\n<\/ol>\n\n<p>Tomamos medidas razonables para proteger su informaci\u00f3n personal. Sin embargo, ning\u00fan m\u00e9todo de transmisi\u00f3n por Internet o de almacenamiento electr\u00f3nico es 100% seguro. Aunque nos esforzamos por proteger su informaci\u00f3n personal, no podemos garantizar su seguridad absoluta.<\/p>\n\n<ol start=\"5\" class=\"wp-block-list\">\n<li>\n<ol start=\"5\" class=\"wp-block-list\">\n<li><strong>Sus Derechos<\/strong><\/li>\n<\/ol>\n<\/li>\n<\/ol>\n\n<p>Dependiendo de su ubicaci\u00f3n, puede tener los siguientes derechos en relaci\u00f3n con su informaci\u00f3n personal:<\/p>\n\n<ul class=\"wp-block-list\">\n<li>Derecho de acceso a sus datos personales.<\/li>\n\n\n\n<li>Derecho a solicitar la rectificaci\u00f3n de sus datos personales.<\/li>\n\n\n\n<li>Derecho a solicitar la eliminaci\u00f3n de sus datos personales.<\/li>\n\n\n\n<li>Derecho a oponerse al procesamiento de sus datos personales o a restringirlo.<\/li>\n\n\n\n<li>Derecho a la portabilidad de datos.<\/li>\n<\/ul>\n\n<p>Para ejercer cualquiera de estos derechos, p\u00f3ngase en contacto con nosotros en info@kad-esh.org.<\/p>\n\n<ol start=\"6\" class=\"wp-block-list\">\n<li><strong>Sitios Web de Terceros<\/strong><\/li>\n<\/ol>\n\n<p>Nuestro sitio web puede contener enlaces a sitios web de terceros que no son operados por nosotros. No tenemos ning\u00fan control ni asumimos ninguna responsabilidad por el contenido, las pol\u00edticas de privacidad o las pr\u00e1cticas de los sitios web de terceros. Le recomendamos que consulte los avisos de privacidad de los sitios web de terceros que visite.<\/p>\n\n<ol start=\"7\" class=\"wp-block-list\">\n<li><strong>Privacidad Infantil<\/strong><\/li>\n<\/ol>\n\n<p>Nuestro sitio web no se dirige a menores de 13 a\u00f1os. No recopilamos conscientemente informaci\u00f3n personal de ni\u00f1os menores de 13 a\u00f1os. Si usted es padre o tutor y tiene conocimiento de que su hijo nos ha proporcionado informaci\u00f3n personal, p\u00f3ngase en contacto con nosotros.<\/p>\n\n<ol start=\"8\" class=\"wp-block-list\">\n<li><strong>Cambios en el Presente Aviso de Privacidad<\/strong><\/li>\n<\/ol>\n\n<p>Es posible que actualicemos nuestro Aviso de privacidad de vez en cuando. Le notificaremos cualquier cambio publicando el nuevo Aviso de Privacidad en esta p\u00e1gina. Le aconsejamos que revise peri\u00f3dicamente este Aviso de Privacidad para comprobar si se han producido cambios.<\/p>\n\n<ol start=\"9\" class=\"wp-block-list\">\n<li><strong>Cont\u00e1ctenos<\/strong><\/li>\n<\/ol>\n\n<p>Si tiene alguna pregunta o duda sobre este Aviso de Privacidad, p\u00f3ngase en contacto con nosotros en info@kad-esh.org.<\/p>\n","protected":false},"excerpt":{"rendered":"<p>\u00daltima actualizaci\u00f3n: 2024-10-18 En Kad-Esh MAP Ministries, nos comprometemos a proteger su privacidad. Este Aviso de privacidad describe c\u00f3mo recopilamos, utilizamos, divulgamos y protegemos su informaci\u00f3n cuando visita nuestro sitio web. Podr\u00edamos recopilar los siguientes tipos de informaci\u00f3n: Utilizamos la informaci\u00f3n que recopilamos para diversos fines, entre ellos: Podemos compartir su informaci\u00f3n en las siguientes&#8230;<\/p>\n","protected":false},"author":1,"featured_media":0,"parent":0,"menu_order":0,"comment_status":"closed","ping_status":"closed","template":"","meta":{"pmpro_default_level":"","_kad_blocks_custom_css":"","_kad_blocks_head_custom_js":"","_kad_blocks_body_custom_js":"","_kad_blocks_footer_custom_js":"","_kadence_starter_templates_imported_post":false,"_kad_post_transparent":"","_kad_post_title":"","_kad_post_layout":"","_kad_post_sidebar_id":"","_kad_post_content_style":"","_kad_post_vertical_padding":"","_kad_post_feature":"","_kad_post_feature_position":"","_kad_post_header":false,"_kad_post_footer":false,"_kad_post_classname":"","footnotes":""},"class_list":["post-51878","page","type-page","status-publish","hentry","pmpro-has-access"],"taxonomy_info":[],"featured_image_src_large":false,"author_info":{"display_name":"W B","author_link":"https:\/\/www.grmbibleinstitute.com\/es\/author\/victor\/"},"comment_info":0,"_links":{"self":[{"href":"https:\/\/www.grmbibleinstitute.com\/es\/wp-json\/wp\/v2\/pages\/51878","targetHints":{"allow":["GET"]}}],"collection":[{"href":"https:\/\/www.grmbibleinstitute.com\/es\/wp-json\/wp\/v2\/pages"}],"about":[{"href":"https:\/\/www.grmbibleinstitute.com\/es\/wp-json\/wp\/v2\/types\/page"}],"author":[{"embeddable":true,"href":"https:\/\/www.grmbibleinstitute.com\/es\/wp-json\/wp\/v2\/users\/1"}],"replies":[{"embeddable":true,"href":"https:\/\/www.grmbibleinstitute.com\/es\/wp-json\/wp\/v2\/comments?post=51878"}],"version-history":[{"count":1,"href":"https:\/\/www.grmbibleinstitute.com\/es\/wp-json\/wp\/v2\/pages\/51878\/revisions"}],"predecessor-version":[{"id":51879,"href":"https:\/\/www.grmbibleinstitute.com\/es\/wp-json\/wp\/v2\/pages\/51878\/revisions\/51879"}],"wp:attachment":[{"href":"https:\/\/www.grmbibleinstitute.com\/es\/wp-json\/wp\/v2\/media?parent=51878"}],"curies":[{"name":"wp","href":"https:\/\/api.w.org\/{rel}","templated":true}]}}