{"id":53995,"date":"2024-06-03T13:41:13","date_gmt":"2024-06-03T19:41:13","guid":{"rendered":"https:\/\/www.grmbibleinstitute.com\/el-senor-del-shalom\/"},"modified":"2025-03-31T08:12:43","modified_gmt":"2025-03-31T14:12:43","slug":"el-senor-del-shalom","status":"publish","type":"page","link":"https:\/\/www.grmbibleinstitute.com\/es\/el-senor-del-shalom\/","title":{"rendered":"El Se\u00f1or del Shalom"},"content":{"rendered":"<style>.kb-row-layout-id47646_ce1cf9-3b > .kt-row-column-wrap{align-content:start;}:where(.kb-row-layout-id47646_ce1cf9-3b > .kt-row-column-wrap) > .wp-block-kadence-column{justify-content:start;}.kb-row-layout-id47646_ce1cf9-3b > .kt-row-column-wrap{column-gap:var(--global-kb-gap-md, 2rem);row-gap:var(--global-kb-gap-md, 2rem);max-width:var( --global-content-width, 1170px );padding-left:var(--global-content-edge-padding);padding-right:var(--global-content-edge-padding);padding-top:var(--global-kb-spacing-4xl, 8rem);padding-bottom:var(--global-kb-spacing-xxl, 5rem);grid-template-columns:minmax(0, 1fr);}.kb-row-layout-id47646_ce1cf9-3b{background-image:url('https:\/\/www.grmbibleinstitute.com\/wp-content\/uploads\/2024\/04\/god-of-shalom-course-banner.jpg');background-size:cover;background-position:center center;background-attachment:scroll;background-repeat:no-repeat;}.kb-row-layout-id47646_ce1cf9-3b > .kt-row-layout-overlay{opacity:0.89;background:linear-gradient(135deg,rgb(201,176,147) 0%,rgb(168,147,119) 99%);}@media all and (max-width: 1024px){.kb-row-layout-id47646_ce1cf9-3b > .kt-row-column-wrap{padding-top:var(--global-kb-spacing-3xl, 6.5rem);padding-bottom:var(--global-kb-spacing-xl, 4rem);grid-template-columns:minmax(0, 1fr);}}@media all and (max-width: 767px){.kb-row-layout-id47646_ce1cf9-3b > .kt-row-column-wrap{padding-top:var(--global-kb-spacing-3xl, 6.5rem);padding-bottom:var(--global-kb-spacing-md, 2rem);grid-template-columns:minmax(0, 1fr);}}<\/style><div class=\"kb-row-layout-wrap kb-row-layout-id47646_ce1cf9-3b alignfull has-theme-palette3-background-color kt-row-has-bg wp-block-kadence-rowlayout\"><div class=\"kt-row-layout-overlay kt-row-overlay-gradient\"><\/div><div class=\"kt-row-column-wrap kt-has-1-columns kt-row-layout-equal kt-tab-layout-inherit kt-mobile-layout-row kt-row-valign-top kb-theme-content-width\">\n<style>.kadence-column47646_90670c-e5 > .kt-inside-inner-col{box-shadow:0px 8px 16px 0px rgba(0, 0, 0, 0.6);}.kadence-column47646_90670c-e5 > .kt-inside-inner-col,.kadence-column47646_90670c-e5 > .kt-inside-inner-col:before{border-top-left-radius:0.5rem;border-top-right-radius:0.5rem;border-bottom-right-radius:0.5rem;border-bottom-left-radius:0.5rem;}.kadence-column47646_90670c-e5 > .kt-inside-inner-col{column-gap:var(--global-kb-gap-sm, 1rem);}.kadence-column47646_90670c-e5 > .kt-inside-inner-col{flex-direction:column;}.kadence-column47646_90670c-e5 > .kt-inside-inner-col > .aligncenter{width:100%;}.kadence-column47646_90670c-e5 > .kt-inside-inner-col{background-color:#ffffff;}.kadence-column47646_90670c-e5 > .kt-inside-inner-col:before{opacity:0.3;}.kadence-column47646_90670c-e5{position:relative;}@media all and (max-width: 1024px){.kadence-column47646_90670c-e5 > .kt-inside-inner-col{flex-direction:column;justify-content:center;}}@media all and (max-width: 767px){.kadence-column47646_90670c-e5 > .kt-inside-inner-col{flex-direction:column;justify-content:center;}}<\/style>\n<div class=\"wp-block-kadence-column kadence-column47646_90670c-e5\"><div class=\"kt-inside-inner-col\"><style>.wp-block-kadence-image.kb-image47646_908925-7a:not(.kb-specificity-added):not(.kb-extra-specificity-added){margin-top:0px;margin-right:0px;margin-bottom:0px;margin-left:0px;}.kb-image47646_908925-7a:not(.kb-image-is-ratio-size) .kb-img, .kb-image47646_908925-7a.kb-image-is-ratio-size{padding-top:0px;padding-right:0px;padding-bottom:0px;padding-left:0px;}.kb-image47646_908925-7a .kb-image-has-overlay:after{opacity:0.3;border-top-left-radius:0.5rem;border-top-right-radius:0.5rem;border-bottom-right-radius:0rem;border-bottom-left-radius:0rem;}.kb-image47646_908925-7a img.kb-img, .kb-image47646_908925-7a .kb-img img{border-top-left-radius:0.5rem;border-top-right-radius:0.5rem;border-bottom-right-radius:0rem;border-bottom-left-radius:0rem;}<\/style>\n<figure class=\"wp-block-kadence-image kb-image47646_908925-7a\"><img loading=\"lazy\" decoding=\"async\" width=\"1920\" height=\"1081\" src=\"https:\/\/www.grmbibleinstitute.com\/wp-content\/uploads\/2024\/04\/god-of-shalom-course-banner.jpg\" alt=\"God of Shalom\" class=\"kb-img wp-image-55865\" srcset=\"https:\/\/www.grmbibleinstitute.com\/wp-content\/uploads\/2024\/04\/god-of-shalom-course-banner.jpg 1920w, https:\/\/www.grmbibleinstitute.com\/wp-content\/uploads\/2024\/04\/god-of-shalom-course-banner-300x169.jpg 300w, https:\/\/www.grmbibleinstitute.com\/wp-content\/uploads\/2024\/04\/god-of-shalom-course-banner-1024x577.jpg 1024w, https:\/\/www.grmbibleinstitute.com\/wp-content\/uploads\/2024\/04\/god-of-shalom-course-banner-768x432.jpg 768w, https:\/\/www.grmbibleinstitute.com\/wp-content\/uploads\/2024\/04\/god-of-shalom-course-banner-1536x865.jpg 1536w, https:\/\/www.grmbibleinstitute.com\/wp-content\/uploads\/2024\/04\/god-of-shalom-course-banner-600x338.jpg 600w\" sizes=\"auto, (max-width: 1920px) 100vw, 1920px\" \/><\/figure>\r\n\n\n<style>.kb-row-layout-id47646_e66224-42 > .kt-row-column-wrap{align-content:start;}:where(.kb-row-layout-id47646_e66224-42 > .kt-row-column-wrap) > .wp-block-kadence-column{justify-content:start;}.kb-row-layout-id47646_e66224-42 > .kt-row-column-wrap{column-gap:var(--global-kb-gap-md, 2rem);row-gap:var(--global-kb-gap-md, 2rem);max-width:var( --global-content-width, 1170px );padding-left:var(--global-content-edge-padding);padding-right:var(--global-content-edge-padding);padding-top:var(--global-kb-spacing-md, 2rem);padding-bottom:var(--global-kb-spacing-md, 2rem);grid-template-columns:minmax(0, 1fr);}.kb-row-layout-id47646_e66224-42 > .kt-row-layout-overlay{opacity:0.30;}@media all and (max-width: 1024px){.kb-row-layout-id47646_e66224-42 > .kt-row-column-wrap{grid-template-columns:minmax(0, 1fr);}}@media all and (max-width: 767px){.kb-row-layout-id47646_e66224-42 > .kt-row-column-wrap{grid-template-columns:minmax(0, 1fr);}}<\/style><div class=\"kb-row-layout-wrap kb-row-layout-id47646_e66224-42 alignnone wp-block-kadence-rowlayout\"><div class=\"kt-row-column-wrap kt-has-1-columns kt-row-layout-equal kt-tab-layout-inherit kt-mobile-layout-row kt-row-valign-top kb-theme-content-width\">\n<style>.kadence-column47646_abe775-bc > .kt-inside-inner-col{padding-top:var(--global-kb-spacing-xs, 1rem);padding-right:var(--global-kb-spacing-xs, 1rem);padding-bottom:var(--global-kb-spacing-xs, 1rem);padding-left:var(--global-kb-spacing-xs, 1rem);}.kadence-column47646_abe775-bc > .kt-inside-inner-col,.kadence-column47646_abe775-bc > .kt-inside-inner-col:before{border-top-left-radius:0px;border-top-right-radius:0px;border-bottom-right-radius:0px;border-bottom-left-radius:0px;}.kadence-column47646_abe775-bc > .kt-inside-inner-col{column-gap:var(--global-kb-gap-sm, 1rem);}.kadence-column47646_abe775-bc > .kt-inside-inner-col{flex-direction:column;}.kadence-column47646_abe775-bc > .kt-inside-inner-col > .aligncenter{width:100%;}.kadence-column47646_abe775-bc > .kt-inside-inner-col:before{opacity:0.3;}.kadence-column47646_abe775-bc{position:relative;}@media all and (max-width: 1024px){.kadence-column47646_abe775-bc > .kt-inside-inner-col{flex-direction:column;justify-content:center;}}@media all and (max-width: 767px){.kadence-column47646_abe775-bc > .kt-inside-inner-col{padding-top:0px;padding-right:0px;padding-bottom:0px;padding-left:0px;flex-direction:column;justify-content:center;}}<\/style>\n<div class=\"wp-block-kadence-column kadence-column47646_abe775-bc\"><div class=\"kt-inside-inner-col\"><style>.wp-block-kadence-advancedheading.kt-adv-heading47646_ce7d83-7f, .wp-block-kadence-advancedheading.kt-adv-heading47646_ce7d83-7f[data-kb-block=\"kb-adv-heading47646_ce7d83-7f\"]{line-height:1.1;font-style:normal;}.wp-block-kadence-advancedheading.kt-adv-heading47646_ce7d83-7f mark.kt-highlight, .wp-block-kadence-advancedheading.kt-adv-heading47646_ce7d83-7f[data-kb-block=\"kb-adv-heading47646_ce7d83-7f\"] mark.kt-highlight{font-style:normal;color:#f76a0c;-webkit-box-decoration-break:clone;box-decoration-break:clone;padding-top:0px;padding-right:0px;padding-bottom:0px;padding-left:0px;}.wp-block-kadence-advancedheading.kt-adv-heading47646_ce7d83-7f img.kb-inline-image, .wp-block-kadence-advancedheading.kt-adv-heading47646_ce7d83-7f[data-kb-block=\"kb-adv-heading47646_ce7d83-7f\"] img.kb-inline-image{width:150px;vertical-align:baseline;}<\/style>\n<h2 class=\"kt-adv-heading47646_ce7d83-7f wp-block-kadence-advancedheading\" data-kb-block=\"kb-adv-heading47646_ce7d83-7f\">El Se\u00f1or del Shalom<\/h2>\n\n\n<style>.wp-block-kadence-advancedheading.kt-adv-heading47646_ec2f34-1b, .wp-block-kadence-advancedheading.kt-adv-heading47646_ec2f34-1b[data-kb-block=\"kb-adv-heading47646_ec2f34-1b\"]{font-weight:700;font-style:normal;}.wp-block-kadence-advancedheading.kt-adv-heading47646_ec2f34-1b mark.kt-highlight, .wp-block-kadence-advancedheading.kt-adv-heading47646_ec2f34-1b[data-kb-block=\"kb-adv-heading47646_ec2f34-1b\"] mark.kt-highlight{font-style:normal;color:#f76a0c;-webkit-box-decoration-break:clone;box-decoration-break:clone;padding-top:0px;padding-right:0px;padding-bottom:0px;padding-left:0px;}.wp-block-kadence-advancedheading.kt-adv-heading47646_ec2f34-1b img.kb-inline-image, .wp-block-kadence-advancedheading.kt-adv-heading47646_ec2f34-1b[data-kb-block=\"kb-adv-heading47646_ec2f34-1b\"] img.kb-inline-image{width:150px;vertical-align:baseline;}<\/style>\n<p class=\"kt-adv-heading47646_ec2f34-1b wp-block-kadence-advancedheading\" data-kb-block=\"kb-adv-heading47646_ec2f34-1b\">A trav\u00e9s de este ungido curso de la Dra. Dominiquae Bierman, grabado en el Valle del Jord\u00e1n en el \u00e1rea de la antigua Gilgal en Israel, usted experimentar\u00e1 el poder sanador del Se\u00f1or del Shalom.<\/p>\n\n\n<style>.wp-block-kadence-advancedheading.kt-adv-heading47646_323250-22, .wp-block-kadence-advancedheading.kt-adv-heading47646_323250-22[data-kb-block=\"kb-adv-heading47646_323250-22\"]{font-style:normal;}.wp-block-kadence-advancedheading.kt-adv-heading47646_323250-22 mark.kt-highlight, .wp-block-kadence-advancedheading.kt-adv-heading47646_323250-22[data-kb-block=\"kb-adv-heading47646_323250-22\"] mark.kt-highlight{font-style:normal;color:#f76a0c;-webkit-box-decoration-break:clone;box-decoration-break:clone;padding-top:0px;padding-right:0px;padding-bottom:0px;padding-left:0px;}.wp-block-kadence-advancedheading.kt-adv-heading47646_323250-22 img.kb-inline-image, .wp-block-kadence-advancedheading.kt-adv-heading47646_323250-22[data-kb-block=\"kb-adv-heading47646_323250-22\"] img.kb-inline-image{width:150px;vertical-align:baseline;}<\/style>\n<p class=\"kt-adv-heading47646_323250-22 wp-block-kadence-advancedheading\" data-kb-block=\"kb-adv-heading47646_323250-22\">Usted aprender\u00e1 c\u00f3mo superar circunstancias amargas y salir adelante.<\/p>\n\n\n<style>.wp-block-kadence-advancedheading.kt-adv-heading47646_957f9a-1a, .wp-block-kadence-advancedheading.kt-adv-heading47646_957f9a-1a[data-kb-block=\"kb-adv-heading47646_957f9a-1a\"]{font-style:normal;}.wp-block-kadence-advancedheading.kt-adv-heading47646_957f9a-1a mark.kt-highlight, .wp-block-kadence-advancedheading.kt-adv-heading47646_957f9a-1a[data-kb-block=\"kb-adv-heading47646_957f9a-1a\"] mark.kt-highlight{font-style:normal;color:#f76a0c;-webkit-box-decoration-break:clone;box-decoration-break:clone;padding-top:0px;padding-right:0px;padding-bottom:0px;padding-left:0px;}.wp-block-kadence-advancedheading.kt-adv-heading47646_957f9a-1a img.kb-inline-image, .wp-block-kadence-advancedheading.kt-adv-heading47646_957f9a-1a[data-kb-block=\"kb-adv-heading47646_957f9a-1a\"] img.kb-inline-image{width:150px;vertical-align:baseline;}<\/style>\n<p class=\"kt-adv-heading47646_957f9a-1a wp-block-kadence-advancedheading\" data-kb-block=\"kb-adv-heading47646_957f9a-1a\">Su viaje hacia la plenitud puede incluir cambios milagrosos instant\u00e1neos y ajustes necesarios en su vida. Con el Se\u00f1or del Shalom, los momentos dif\u00edciles pueden convertirse en pelda\u00f1os en lugar de piedras de tropiezo.<\/p>\n\n\n<style>.wp-block-kadence-advancedheading.kt-adv-heading47646_8af7b6-23, .wp-block-kadence-advancedheading.kt-adv-heading47646_8af7b6-23[data-kb-block=\"kb-adv-heading47646_8af7b6-23\"]{font-weight:700;font-style:normal;}.wp-block-kadence-advancedheading.kt-adv-heading47646_8af7b6-23 mark.kt-highlight, .wp-block-kadence-advancedheading.kt-adv-heading47646_8af7b6-23[data-kb-block=\"kb-adv-heading47646_8af7b6-23\"] mark.kt-highlight{font-style:normal;color:#f76a0c;-webkit-box-decoration-break:clone;box-decoration-break:clone;padding-top:0px;padding-right:0px;padding-bottom:0px;padding-left:0px;}.wp-block-kadence-advancedheading.kt-adv-heading47646_8af7b6-23 img.kb-inline-image, .wp-block-kadence-advancedheading.kt-adv-heading47646_8af7b6-23[data-kb-block=\"kb-adv-heading47646_8af7b6-23\"] img.kb-inline-image{width:150px;vertical-align:baseline;}<\/style>\n<p class=\"kt-adv-heading47646_8af7b6-23 wp-block-kadence-advancedheading\" data-kb-block=\"kb-adv-heading47646_8af7b6-23\">A trav\u00e9s del curso El Se\u00f1or del Shalom usted podr\u00e1:<\/p>\n\n\n\n<ul class=\"wp-block-list\">\n<li>Comprender el secreto de la prosperidad del alma.<\/li>\n\n\n\n<li>Recibir una impartici\u00f3n de la unci\u00f3n y la verdad para traer sanidad y plenitud a su vida.<\/li>\n\n\n\n<li>Aprender a superar la depresi\u00f3n y la ansiedad.<\/li>\n\n\n\n<li>Recibir sanidad por los traumas de la vida y aprender a ministrar a otros.<\/li>\n<\/ul>\n\n\n<style>.wp-block-kadence-advancedheading.kt-adv-heading47646_dba7ce-79, .wp-block-kadence-advancedheading.kt-adv-heading47646_dba7ce-79[data-kb-block=\"kb-adv-heading47646_dba7ce-79\"]{font-weight:700;font-style:normal;}.wp-block-kadence-advancedheading.kt-adv-heading47646_dba7ce-79 mark.kt-highlight, .wp-block-kadence-advancedheading.kt-adv-heading47646_dba7ce-79[data-kb-block=\"kb-adv-heading47646_dba7ce-79\"] mark.kt-highlight{font-style:normal;color:#f76a0c;-webkit-box-decoration-break:clone;box-decoration-break:clone;padding-top:0px;padding-right:0px;padding-bottom:0px;padding-left:0px;}.wp-block-kadence-advancedheading.kt-adv-heading47646_dba7ce-79 img.kb-inline-image, .wp-block-kadence-advancedheading.kt-adv-heading47646_dba7ce-79[data-kb-block=\"kb-adv-heading47646_dba7ce-79\"] img.kb-inline-image{width:150px;vertical-align:baseline;}<\/style>\n<p class=\"kt-adv-heading47646_dba7ce-79 wp-block-kadence-advancedheading\" data-kb-block=\"kb-adv-heading47646_dba7ce-79\">El Curso incluye:<\/p>\n\n\n\n<ul class=\"wp-block-list\">\n<li>13 ense\u00f1anzas por video<\/li>\n\n\n\n<li>Pruebas despu\u00e9s de cada lecci\u00f3n<\/li>\n\n\n\n<li>Un certificado imprimible<\/li>\n<\/ul>\n\n\n<style>.wp-block-kadence-advancedheading.kt-adv-heading47646_5fdca4-ef, .wp-block-kadence-advancedheading.kt-adv-heading47646_5fdca4-ef[data-kb-block=\"kb-adv-heading47646_5fdca4-ef\"]{font-style:normal;}.wp-block-kadence-advancedheading.kt-adv-heading47646_5fdca4-ef mark.kt-highlight, .wp-block-kadence-advancedheading.kt-adv-heading47646_5fdca4-ef[data-kb-block=\"kb-adv-heading47646_5fdca4-ef\"] mark.kt-highlight{font-style:normal;color:#f76a0c;-webkit-box-decoration-break:clone;box-decoration-break:clone;padding-top:0px;padding-right:0px;padding-bottom:0px;padding-left:0px;}.wp-block-kadence-advancedheading.kt-adv-heading47646_5fdca4-ef img.kb-inline-image, .wp-block-kadence-advancedheading.kt-adv-heading47646_5fdca4-ef[data-kb-block=\"kb-adv-heading47646_5fdca4-ef\"] img.kb-inline-image{width:150px;vertical-align:baseline;}<\/style>\n<p class=\"kt-adv-heading47646_5fdca4-ef wp-block-kadence-advancedheading\" data-kb-block=\"kb-adv-heading47646_5fdca4-ef\"><strong>Precio:<\/strong> $99<\/p>\n\n\n\n<div class=\"wp-block-buttons\"><div class=\"wp-block-button\"><a class=\"wp-block-button__link wp-block-pmpro-checkout-button wp-element-button\" href=\"https:\/\/www.grmbibleinstitute.com\/es\/mis-membresias\/pago-de-membresia\/?pmpro_level=73\">Empiece a estudiar<\/a><\/div><\/div>\r\n<\/div><\/div>\n\n<\/div><\/div><\/div><\/div>\n\n<\/div><\/div>","protected":false},"excerpt":{"rendered":"<p>El Se\u00f1or del Shalom A trav\u00e9s de este ungido curso de la Dra. Dominiquae Bierman, grabado en el Valle del Jord\u00e1n en el \u00e1rea de la antigua Gilgal en Israel, usted experimentar\u00e1 el poder sanador del Se\u00f1or del Shalom. Usted aprender\u00e1 c\u00f3mo superar circunstancias amargas y salir adelante. Su viaje hacia la plenitud puede incluir&#8230;<\/p>\n","protected":false},"author":1,"featured_media":54502,"parent":0,"menu_order":0,"comment_status":"closed","ping_status":"closed","template":"","meta":{"pmpro_default_level":"","_kad_blocks_custom_css":"","_kad_blocks_head_custom_js":"","_kad_blocks_body_custom_js":"","_kad_blocks_footer_custom_js":"","_kadence_starter_templates_imported_post":false,"_kad_post_transparent":"","_kad_post_title":"hide","_kad_post_layout":"","_kad_post_sidebar_id":"","_kad_post_content_style":"","_kad_post_vertical_padding":"","_kad_post_feature":"","_kad_post_feature_position":"","_kad_post_header":false,"_kad_post_footer":false,"_kad_post_classname":"","footnotes":""},"class_list":["post-53995","page","type-page","status-publish","has-post-thumbnail","hentry","pmpro-has-access"],"taxonomy_info":[],"featured_image_src_large":["https:\/\/www.grmbibleinstitute.com\/wp-content\/uploads\/2025\/01\/el-senor-del-shalom-2-1024x576.jpg",1024,576,true],"author_info":{"display_name":"W B","author_link":"https:\/\/www.grmbibleinstitute.com\/es\/author\/victor\/"},"comment_info":0,"_links":{"self":[{"href":"https:\/\/www.grmbibleinstitute.com\/es\/wp-json\/wp\/v2\/pages\/53995","targetHints":{"allow":["GET"]}}],"collection":[{"href":"https:\/\/www.grmbibleinstitute.com\/es\/wp-json\/wp\/v2\/pages"}],"about":[{"href":"https:\/\/www.grmbibleinstitute.com\/es\/wp-json\/wp\/v2\/types\/page"}],"author":[{"embeddable":true,"href":"https:\/\/www.grmbibleinstitute.com\/es\/wp-json\/wp\/v2\/users\/1"}],"replies":[{"embeddable":true,"href":"https:\/\/www.grmbibleinstitute.com\/es\/wp-json\/wp\/v2\/comments?post=53995"}],"version-history":[{"count":11,"href":"https:\/\/www.grmbibleinstitute.com\/es\/wp-json\/wp\/v2\/pages\/53995\/revisions"}],"predecessor-version":[{"id":55905,"href":"https:\/\/www.grmbibleinstitute.com\/es\/wp-json\/wp\/v2\/pages\/53995\/revisions\/55905"}],"wp:featuredmedia":[{"embeddable":true,"href":"https:\/\/www.grmbibleinstitute.com\/es\/wp-json\/wp\/v2\/media\/54502"}],"wp:attachment":[{"href":"https:\/\/www.grmbibleinstitute.com\/es\/wp-json\/wp\/v2\/media?parent=53995"}],"curies":[{"name":"wp","href":"https:\/\/api.w.org\/{rel}","templated":true}]}}