{"id":55655,"date":"2025-01-07T06:59:23","date_gmt":"2025-01-07T12:59:23","guid":{"rendered":"https:\/\/www.grmbibleinstitute.com\/curso-el-factor-israel\/"},"modified":"2025-03-31T08:20:27","modified_gmt":"2025-03-31T14:20:27","slug":"curso-el-factor-israel","status":"publish","type":"page","link":"https:\/\/www.grmbibleinstitute.com\/es\/curso-el-factor-israel\/","title":{"rendered":"Curso El Factor Israel"},"content":{"rendered":"<style>.kb-row-layout-id53446_9dbdcb-4f > .kt-row-column-wrap{align-content:start;}:where(.kb-row-layout-id53446_9dbdcb-4f > .kt-row-column-wrap) > .wp-block-kadence-column{justify-content:start;}.kb-row-layout-id53446_9dbdcb-4f > .kt-row-column-wrap{column-gap:var(--global-kb-gap-md, 2rem);row-gap:var(--global-kb-gap-md, 2rem);max-width:var( --global-content-width, 1170px );padding-left:var(--global-content-edge-padding);padding-right:var(--global-content-edge-padding);padding-top:var(--global-kb-spacing-4xl, 8rem);padding-bottom:var(--global-kb-spacing-xxl, 5rem);grid-template-columns:minmax(0, 1fr);}.kb-row-layout-id53446_9dbdcb-4f{background-image:url('https:\/\/www.grmbibleinstitute.com\/wp-content\/uploads\/2025\/03\/israel-flag.jpg');background-size:cover;background-position:center center;background-attachment:scroll;background-repeat:no-repeat;}.kb-row-layout-id53446_9dbdcb-4f > .kt-row-layout-overlay{opacity:0.00;background:linear-gradient(135deg,rgb(0,122,180) 0%,rgb(0,11,42) 100%);mix-blend-mode:multiply;}@media all and (max-width: 1024px){.kb-row-layout-id53446_9dbdcb-4f > .kt-row-column-wrap{padding-top:var(--global-kb-spacing-3xl, 6.5rem);padding-bottom:var(--global-kb-spacing-xl, 4rem);grid-template-columns:minmax(0, 1fr);}}@media all and (max-width: 767px){.kb-row-layout-id53446_9dbdcb-4f > .kt-row-column-wrap{padding-top:var(--global-kb-spacing-3xl, 6.5rem);padding-bottom:var(--global-kb-spacing-md, 2rem);grid-template-columns:minmax(0, 1fr);}}<\/style><div class=\"kb-row-layout-wrap kb-row-layout-id53446_9dbdcb-4f alignfull has-theme-palette3-background-color kt-row-has-bg wp-block-kadence-rowlayout\"><div class=\"kt-row-layout-overlay kt-row-overlay-gradient\"><\/div><div class=\"kt-row-column-wrap kt-has-1-columns kt-row-layout-equal kt-tab-layout-inherit kt-mobile-layout-row kt-row-valign-top kb-theme-content-width\">\n<style>.kadence-column53446_86f498-f6 > .kt-inside-inner-col{box-shadow:0px 8px 16px 0px rgba(0, 0, 0, 0.6);}.kadence-column53446_86f498-f6 > .kt-inside-inner-col,.kadence-column53446_86f498-f6 > .kt-inside-inner-col:before{border-top-left-radius:0.5rem;border-top-right-radius:0.5rem;border-bottom-right-radius:0.5rem;border-bottom-left-radius:0.5rem;}.kadence-column53446_86f498-f6 > .kt-inside-inner-col{column-gap:var(--global-kb-gap-sm, 1rem);}.kadence-column53446_86f498-f6 > .kt-inside-inner-col{flex-direction:column;}.kadence-column53446_86f498-f6 > .kt-inside-inner-col > .aligncenter{width:100%;}.kadence-column53446_86f498-f6 > .kt-inside-inner-col{background-color:#ffffff;}.kadence-column53446_86f498-f6 > .kt-inside-inner-col:before{opacity:0.3;}.kadence-column53446_86f498-f6{position:relative;}@media all and (max-width: 1024px){.kadence-column53446_86f498-f6 > .kt-inside-inner-col{flex-direction:column;justify-content:center;}}@media all and (max-width: 767px){.kadence-column53446_86f498-f6 > .kt-inside-inner-col{flex-direction:column;justify-content:center;}}<\/style>\n<div class=\"wp-block-kadence-column kadence-column53446_86f498-f6\"><div class=\"kt-inside-inner-col\"><style>.wp-block-kadence-image.kb-image53446_2afcd9-f0:not(.kb-specificity-added):not(.kb-extra-specificity-added){margin-top:0px;margin-right:0px;margin-bottom:0px;margin-left:0px;}.kb-image53446_2afcd9-f0:not(.kb-image-is-ratio-size) .kb-img, .kb-image53446_2afcd9-f0.kb-image-is-ratio-size{padding-top:0px;padding-right:0px;padding-bottom:0px;padding-left:0px;}.kb-image53446_2afcd9-f0 .kb-image-has-overlay:after{opacity:0.3;border-top-left-radius:0.5rem;border-top-right-radius:0.5rem;border-bottom-right-radius:0rem;border-bottom-left-radius:0rem;}.kb-image53446_2afcd9-f0 img.kb-img, .kb-image53446_2afcd9-f0 .kb-img img{border-top-left-radius:0.5rem;border-top-right-radius:0.5rem;border-bottom-right-radius:0rem;border-bottom-left-radius:0rem;}<\/style>\n<figure class=\"wp-block-kadence-image kb-image53446_2afcd9-f0 kb-image-is-ratio-size\"><div class=\"kb-is-ratio-image kb-image-ratio-land169\"><img loading=\"lazy\" decoding=\"async\" width=\"1920\" height=\"1081\" src=\"https:\/\/www.grmbibleinstitute.com\/wp-content\/uploads\/2024\/04\/israel-factor-course-banner.jpg\" alt=\"The Israel Factor\" class=\"kb-img wp-image-55876\" srcset=\"https:\/\/www.grmbibleinstitute.com\/wp-content\/uploads\/2024\/04\/israel-factor-course-banner.jpg 1920w, https:\/\/www.grmbibleinstitute.com\/wp-content\/uploads\/2024\/04\/israel-factor-course-banner-300x169.jpg 300w, https:\/\/www.grmbibleinstitute.com\/wp-content\/uploads\/2024\/04\/israel-factor-course-banner-1024x577.jpg 1024w, https:\/\/www.grmbibleinstitute.com\/wp-content\/uploads\/2024\/04\/israel-factor-course-banner-768x432.jpg 768w, https:\/\/www.grmbibleinstitute.com\/wp-content\/uploads\/2024\/04\/israel-factor-course-banner-1536x865.jpg 1536w, https:\/\/www.grmbibleinstitute.com\/wp-content\/uploads\/2024\/04\/israel-factor-course-banner-600x338.jpg 600w\" sizes=\"auto, (max-width: 1920px) 100vw, 1920px\" \/><\/div><\/figure>\r\n\n\n<style>.kb-row-layout-id53446_f53f89-d2 > .kt-row-column-wrap{align-content:start;}:where(.kb-row-layout-id53446_f53f89-d2 > .kt-row-column-wrap) > .wp-block-kadence-column{justify-content:start;}.kb-row-layout-id53446_f53f89-d2 > .kt-row-column-wrap{column-gap:var(--global-kb-gap-md, 2rem);row-gap:var(--global-kb-gap-md, 2rem);max-width:var( --global-content-width, 1170px );padding-left:var(--global-content-edge-padding);padding-right:var(--global-content-edge-padding);padding-top:var(--global-kb-spacing-md, 2rem);padding-bottom:var(--global-kb-spacing-md, 2rem);grid-template-columns:minmax(0, 1fr);}.kb-row-layout-id53446_f53f89-d2 > .kt-row-layout-overlay{opacity:0.30;}@media all and (max-width: 1024px){.kb-row-layout-id53446_f53f89-d2 > .kt-row-column-wrap{grid-template-columns:minmax(0, 1fr);}}@media all and (max-width: 767px){.kb-row-layout-id53446_f53f89-d2 > .kt-row-column-wrap{grid-template-columns:minmax(0, 1fr);}}<\/style><div class=\"kb-row-layout-wrap kb-row-layout-id53446_f53f89-d2 alignnone wp-block-kadence-rowlayout\"><div class=\"kt-row-column-wrap kt-has-1-columns kt-row-layout-equal kt-tab-layout-inherit kt-mobile-layout-row kt-row-valign-top kb-theme-content-width\">\n<style>.kadence-column53446_503e8c-ca > .kt-inside-inner-col{padding-top:var(--global-kb-spacing-xs, 1rem);padding-right:var(--global-kb-spacing-xs, 1rem);padding-bottom:var(--global-kb-spacing-xs, 1rem);padding-left:var(--global-kb-spacing-xs, 1rem);}.kadence-column53446_503e8c-ca > .kt-inside-inner-col,.kadence-column53446_503e8c-ca > .kt-inside-inner-col:before{border-top-left-radius:0px;border-top-right-radius:0px;border-bottom-right-radius:0px;border-bottom-left-radius:0px;}.kadence-column53446_503e8c-ca > .kt-inside-inner-col{column-gap:var(--global-kb-gap-sm, 1rem);}.kadence-column53446_503e8c-ca > .kt-inside-inner-col{flex-direction:column;}.kadence-column53446_503e8c-ca > .kt-inside-inner-col > .aligncenter{width:100%;}.kadence-column53446_503e8c-ca > .kt-inside-inner-col:before{opacity:0.3;}.kadence-column53446_503e8c-ca{position:relative;}@media all and (max-width: 1024px){.kadence-column53446_503e8c-ca > .kt-inside-inner-col{flex-direction:column;justify-content:center;}}@media all and (max-width: 767px){.kadence-column53446_503e8c-ca > .kt-inside-inner-col{padding-top:0px;padding-right:0px;padding-bottom:0px;padding-left:0px;flex-direction:column;justify-content:center;}}<\/style>\n<div class=\"wp-block-kadence-column kadence-column53446_503e8c-ca\"><div class=\"kt-inside-inner-col\"><style>.wp-block-kadence-advancedheading.kt-adv-heading53446_21b377-83, .wp-block-kadence-advancedheading.kt-adv-heading53446_21b377-83[data-kb-block=\"kb-adv-heading53446_21b377-83\"]{line-height:1.1;font-style:normal;}.wp-block-kadence-advancedheading.kt-adv-heading53446_21b377-83 mark.kt-highlight, .wp-block-kadence-advancedheading.kt-adv-heading53446_21b377-83[data-kb-block=\"kb-adv-heading53446_21b377-83\"] mark.kt-highlight{font-style:normal;color:#f76a0c;-webkit-box-decoration-break:clone;box-decoration-break:clone;padding-top:0px;padding-right:0px;padding-bottom:0px;padding-left:0px;}.wp-block-kadence-advancedheading.kt-adv-heading53446_21b377-83 img.kb-inline-image, .wp-block-kadence-advancedheading.kt-adv-heading53446_21b377-83[data-kb-block=\"kb-adv-heading53446_21b377-83\"] img.kb-inline-image{width:150px;vertical-align:baseline;}<\/style>\n<h2 class=\"kt-adv-heading53446_21b377-83 wp-block-kadence-advancedheading\" data-kb-block=\"kb-adv-heading53446_21b377-83\">Curso El Factor Israel<\/h2>\n\n\n<style>.wp-block-kadence-advancedheading.kt-adv-heading53446_d26418-3b, .wp-block-kadence-advancedheading.kt-adv-heading53446_d26418-3b[data-kb-block=\"kb-adv-heading53446_d26418-3b\"]{font-weight:700;font-style:normal;}.wp-block-kadence-advancedheading.kt-adv-heading53446_d26418-3b mark.kt-highlight, .wp-block-kadence-advancedheading.kt-adv-heading53446_d26418-3b[data-kb-block=\"kb-adv-heading53446_d26418-3b\"] mark.kt-highlight{font-style:normal;color:#f76a0c;-webkit-box-decoration-break:clone;box-decoration-break:clone;padding-top:0px;padding-right:0px;padding-bottom:0px;padding-left:0px;}.wp-block-kadence-advancedheading.kt-adv-heading53446_d26418-3b img.kb-inline-image, .wp-block-kadence-advancedheading.kt-adv-heading53446_d26418-3b[data-kb-block=\"kb-adv-heading53446_d26418-3b\"] img.kb-inline-image{width:150px;vertical-align:baseline;}<\/style>\n<p class=\"kt-adv-heading53446_d26418-3b wp-block-kadence-advancedheading\" data-kb-block=\"kb-adv-heading53446_d26418-3b\">Esta recopilaci\u00f3n de art\u00edculos prof\u00e9ticos, que abarca m\u00e1s de 15 a\u00f1os, es una advertencia a las naciones sobre los peligros de la falsa narrativa de la causa palestina. Cuando la brutal e indescriptible masacre de civiles pacifistas israel\u00edes por parte de Ham\u00e1s ocurri\u00f3 el 7 de octubre de 2023, dej\u00f3 a muchos tambale\u00e1ndose y pregunt\u00e1ndose: \u201c\u00bfPor qu\u00e9?\u201d. \u201c\u00bfDe d\u00f3nde viene esta crueldad y este odio?\u201d.<\/p>\n\n\n<style>.wp-block-kadence-advancedheading.kt-adv-heading53446_4a1506-df, .wp-block-kadence-advancedheading.kt-adv-heading53446_4a1506-df[data-kb-block=\"kb-adv-heading53446_4a1506-df\"]{font-style:normal;}.wp-block-kadence-advancedheading.kt-adv-heading53446_4a1506-df mark.kt-highlight, .wp-block-kadence-advancedheading.kt-adv-heading53446_4a1506-df[data-kb-block=\"kb-adv-heading53446_4a1506-df\"] mark.kt-highlight{font-style:normal;color:#f76a0c;-webkit-box-decoration-break:clone;box-decoration-break:clone;padding-top:0px;padding-right:0px;padding-bottom:0px;padding-left:0px;}.wp-block-kadence-advancedheading.kt-adv-heading53446_4a1506-df img.kb-inline-image, .wp-block-kadence-advancedheading.kt-adv-heading53446_4a1506-df[data-kb-block=\"kb-adv-heading53446_4a1506-df\"] img.kb-inline-image{width:150px;vertical-align:baseline;}<\/style>\n<p class=\"kt-adv-heading53446_4a1506-df wp-block-kadence-advancedheading\" data-kb-block=\"kb-adv-heading53446_4a1506-df\">Durante la Guerra Espadas de Hierro, la Dra. Dominiquae Bierman, ministra israel\u00ed-estadounidense, se convirti\u00f3 en un \u201cbotas en el terreno\u201d desde el 7 de octubre de 2023 hasta el 30 de enero de 2024. El coraz\u00f3n palpitante de Elohim est\u00e1 en sus cartas, tanto antiguas como nuevas. La claridad en ellas responde a las preguntas de por qu\u00e9 sucedi\u00f3, qui\u00e9n es realmente Ham\u00e1s y por qu\u00e9 un Estado palestino no es una soluci\u00f3n sino un enga\u00f1o, dando un amplio apoyo b\u00edblico y una clara advertencia a las naciones del juicio venidero.<\/p>\n\n\n<style>.wp-block-kadence-advancedheading.kt-adv-heading53446_d7349e-58, .wp-block-kadence-advancedheading.kt-adv-heading53446_d7349e-58[data-kb-block=\"kb-adv-heading53446_d7349e-58\"]{font-style:normal;}.wp-block-kadence-advancedheading.kt-adv-heading53446_d7349e-58 mark.kt-highlight, .wp-block-kadence-advancedheading.kt-adv-heading53446_d7349e-58[data-kb-block=\"kb-adv-heading53446_d7349e-58\"] mark.kt-highlight{font-style:normal;color:#f76a0c;-webkit-box-decoration-break:clone;box-decoration-break:clone;padding-top:0px;padding-right:0px;padding-bottom:0px;padding-left:0px;}.wp-block-kadence-advancedheading.kt-adv-heading53446_d7349e-58 img.kb-inline-image, .wp-block-kadence-advancedheading.kt-adv-heading53446_d7349e-58[data-kb-block=\"kb-adv-heading53446_d7349e-58\"] img.kb-inline-image{width:150px;vertical-align:baseline;}<\/style>\n<p class=\"kt-adv-heading53446_d7349e-58 wp-block-kadence-advancedheading\" data-kb-block=\"kb-adv-heading53446_d7349e-58\"><strong>\u201cEl Factor Israel\u201d<\/strong> \u00a1es un tema que no puedes dejar pasar!<\/p>\n\n\n<style>.wp-block-kadence-advancedheading.kt-adv-heading53446_358388-e0, .wp-block-kadence-advancedheading.kt-adv-heading53446_358388-e0[data-kb-block=\"kb-adv-heading53446_358388-e0\"]{font-style:normal;}.wp-block-kadence-advancedheading.kt-adv-heading53446_358388-e0 mark.kt-highlight, .wp-block-kadence-advancedheading.kt-adv-heading53446_358388-e0[data-kb-block=\"kb-adv-heading53446_358388-e0\"] mark.kt-highlight{font-style:normal;color:#f76a0c;-webkit-box-decoration-break:clone;box-decoration-break:clone;padding-top:0px;padding-right:0px;padding-bottom:0px;padding-left:0px;}.wp-block-kadence-advancedheading.kt-adv-heading53446_358388-e0 img.kb-inline-image, .wp-block-kadence-advancedheading.kt-adv-heading53446_358388-e0[data-kb-block=\"kb-adv-heading53446_358388-e0\"] img.kb-inline-image{width:150px;vertical-align:baseline;}<\/style>\n<p class=\"kt-adv-heading53446_358388-e0 wp-block-kadence-advancedheading\" data-kb-block=\"kb-adv-heading53446_358388-e0\">El curso El Factor Israel consta de los 66 cap\u00edtulos del libro, con pruebas despu\u00e9s de cada cap\u00edtulo que le har\u00e1n pensar y comprender el contenido.<\/p>\n\n\n<style>.wp-block-kadence-advancedheading.kt-adv-heading53446_3c92a3-fc, .wp-block-kadence-advancedheading.kt-adv-heading53446_3c92a3-fc[data-kb-block=\"kb-adv-heading53446_3c92a3-fc\"]{font-style:normal;}.wp-block-kadence-advancedheading.kt-adv-heading53446_3c92a3-fc mark.kt-highlight, .wp-block-kadence-advancedheading.kt-adv-heading53446_3c92a3-fc[data-kb-block=\"kb-adv-heading53446_3c92a3-fc\"] mark.kt-highlight{font-style:normal;color:#f76a0c;-webkit-box-decoration-break:clone;box-decoration-break:clone;padding-top:0px;padding-right:0px;padding-bottom:0px;padding-left:0px;}.wp-block-kadence-advancedheading.kt-adv-heading53446_3c92a3-fc img.kb-inline-image, .wp-block-kadence-advancedheading.kt-adv-heading53446_3c92a3-fc[data-kb-block=\"kb-adv-heading53446_3c92a3-fc\"] img.kb-inline-image{width:150px;vertical-align:baseline;}<\/style>\n<p class=\"kt-adv-heading53446_3c92a3-fc wp-block-kadence-advancedheading\" data-kb-block=\"kb-adv-heading53446_3c92a3-fc\">Al finalizar el curso, usted recibir\u00e1 un certificado de fin de curso que podr\u00e1 imprimir.<\/p>\n\n\n<style>.wp-block-kadence-advancedheading.kt-adv-heading53446_e396ed-5f, .wp-block-kadence-advancedheading.kt-adv-heading53446_e396ed-5f[data-kb-block=\"kb-adv-heading53446_e396ed-5f\"]{font-style:normal;}.wp-block-kadence-advancedheading.kt-adv-heading53446_e396ed-5f mark.kt-highlight, .wp-block-kadence-advancedheading.kt-adv-heading53446_e396ed-5f[data-kb-block=\"kb-adv-heading53446_e396ed-5f\"] mark.kt-highlight{font-style:normal;color:#f76a0c;-webkit-box-decoration-break:clone;box-decoration-break:clone;padding-top:0px;padding-right:0px;padding-bottom:0px;padding-left:0px;}.wp-block-kadence-advancedheading.kt-adv-heading53446_e396ed-5f img.kb-inline-image, .wp-block-kadence-advancedheading.kt-adv-heading53446_e396ed-5f[data-kb-block=\"kb-adv-heading53446_e396ed-5f\"] img.kb-inline-image{width:150px;vertical-align:baseline;}<\/style>\n<p class=\"kt-adv-heading53446_e396ed-5f wp-block-kadence-advancedheading\" data-kb-block=\"kb-adv-heading53446_e396ed-5f\"><strong>Precio:<\/strong> $37<\/p>\n\n\n\n<div class=\"wp-block-buttons\"><div class=\"wp-block-button\"><a class=\"wp-block-button__link wp-block-pmpro-checkout-button wp-element-button\" href=\"https:\/\/www.grmbibleinstitute.com\/es\/mis-membresias\/pago-de-membresia\/?pmpro_level=75\">Comenzar a estudiar<\/a><\/div><\/div>\r\n<\/div><\/div>\n\n<\/div><\/div><\/div><\/div>\n\n<\/div><\/div>","protected":false},"excerpt":{"rendered":"<p>Curso El Factor Israel Esta recopilaci\u00f3n de art\u00edculos prof\u00e9ticos, que abarca m\u00e1s de 15 a\u00f1os, es una advertencia a las naciones sobre los peligros de la falsa narrativa de la causa palestina. Cuando la brutal e indescriptible masacre de civiles pacifistas israel\u00edes por parte de Ham\u00e1s ocurri\u00f3 el 7 de octubre de 2023, dej\u00f3 a&#8230;<\/p>\n","protected":false},"author":1,"featured_media":55885,"parent":0,"menu_order":0,"comment_status":"closed","ping_status":"closed","template":"","meta":{"pmpro_default_level":"","_kad_blocks_custom_css":"","_kad_blocks_head_custom_js":"","_kad_blocks_body_custom_js":"","_kad_blocks_footer_custom_js":"","_kadence_starter_templates_imported_post":false,"_kad_post_transparent":"","_kad_post_title":"hide","_kad_post_layout":"","_kad_post_sidebar_id":"","_kad_post_content_style":"","_kad_post_vertical_padding":"","_kad_post_feature":"","_kad_post_feature_position":"","_kad_post_header":false,"_kad_post_footer":false,"_kad_post_classname":"","footnotes":""},"class_list":["post-55655","page","type-page","status-publish","has-post-thumbnail","hentry","pmpro-has-access"],"taxonomy_info":[],"featured_image_src_large":["https:\/\/www.grmbibleinstitute.com\/wp-content\/uploads\/2024\/04\/israel-factor-course-banner-1024x577.jpg",1024,577,true],"author_info":{"display_name":"W B","author_link":"https:\/\/www.grmbibleinstitute.com\/es\/author\/victor\/"},"comment_info":0,"_links":{"self":[{"href":"https:\/\/www.grmbibleinstitute.com\/es\/wp-json\/wp\/v2\/pages\/55655","targetHints":{"allow":["GET"]}}],"collection":[{"href":"https:\/\/www.grmbibleinstitute.com\/es\/wp-json\/wp\/v2\/pages"}],"about":[{"href":"https:\/\/www.grmbibleinstitute.com\/es\/wp-json\/wp\/v2\/types\/page"}],"author":[{"embeddable":true,"href":"https:\/\/www.grmbibleinstitute.com\/es\/wp-json\/wp\/v2\/users\/1"}],"replies":[{"embeddable":true,"href":"https:\/\/www.grmbibleinstitute.com\/es\/wp-json\/wp\/v2\/comments?post=55655"}],"version-history":[{"count":4,"href":"https:\/\/www.grmbibleinstitute.com\/es\/wp-json\/wp\/v2\/pages\/55655\/revisions"}],"predecessor-version":[{"id":55921,"href":"https:\/\/www.grmbibleinstitute.com\/es\/wp-json\/wp\/v2\/pages\/55655\/revisions\/55921"}],"wp:featuredmedia":[{"embeddable":true,"href":"https:\/\/www.grmbibleinstitute.com\/es\/wp-json\/wp\/v2\/media\/55885"}],"wp:attachment":[{"href":"https:\/\/www.grmbibleinstitute.com\/es\/wp-json\/wp\/v2\/media?parent=55655"}],"curies":[{"name":"wp","href":"https:\/\/api.w.org\/{rel}","templated":true}]}}