{"id":56357,"date":"2025-04-01T01:12:26","date_gmt":"2025-04-01T07:12:26","guid":{"rendered":"https:\/\/www.grmbibleinstitute.com\/cursos-de-corta-duracion\/"},"modified":"2025-05-15T10:01:30","modified_gmt":"2025-05-15T16:01:30","slug":"cursos-de-corta-duracion","status":"publish","type":"page","link":"https:\/\/www.grmbibleinstitute.com\/es\/cursos-de-corta-duracion\/","title":{"rendered":"Cursos de Corta Duraci\u00f3n"},"content":{"rendered":"<style>.kb-row-layout-id55986_e2178a-bd > .kt-row-column-wrap{align-content:start;}:where(.kb-row-layout-id55986_e2178a-bd > .kt-row-column-wrap) > .wp-block-kadence-column{justify-content:start;}.kb-row-layout-id55986_e2178a-bd > .kt-row-column-wrap{column-gap:var(--global-kb-gap-md, 2rem);row-gap:var(--global-kb-gap-md, 2rem);max-width:var( --global-content-width, 1170px );padding-left:var(--global-content-edge-padding);padding-right:var(--global-content-edge-padding);padding-top:var(--global-kb-spacing-5xl, 10rem);padding-bottom:var(--global-kb-spacing-5xl, 10rem);grid-template-columns:minmax(0, 1fr);}.kb-row-layout-id55986_e2178a-bd > .kt-row-layout-overlay{opacity:0.83;background:linear-gradient(135deg,rgb(117,20,157) 0%,rgb(49,3,117) 100%);}.kb-row-layout-id55986_e2178a-bd .kt-row-layout-bottom-sep{height:110px;}.kb-row-layout-id55986_e2178a-bd .kt-row-layout-bottom-sep svg{width:100%;}.kb-row-layout-id55986_e2178a-bd .kt-row-layout-bottom-sep svg{fill:#dac4e4!important;}@media all and (max-width: 1024px){.kb-row-layout-id55986_e2178a-bd > .kt-row-column-wrap{grid-template-columns:minmax(0, 1fr);}}@media all and (max-width: 1024px){.kb-row-layout-id55986_e2178a-bd .kt-row-layout-bottom-sep{height:px;}}@media all and (max-width: 1024px){.kb-row-layout-id55986_e2178a-bd .kt-row-layout-bottom-sep svg{width:%;}}@media all and (max-width: 767px){.kb-row-layout-id55986_e2178a-bd > .kt-row-column-wrap{padding-top:var(--global-kb-spacing-3xl, 6.5rem);grid-template-columns:minmax(0, 1fr);}.kb-row-layout-id55986_e2178a-bd .kt-row-layout-bottom-sep{height:px;}.kb-row-layout-id55986_e2178a-bd .kt-row-layout-bottom-sep svg{width:%;}}<\/style><div class=\"kb-row-layout-wrap kb-row-layout-id55986_e2178a-bd alignfull kt-row-has-bg wp-block-kadence-rowlayout\"><div class=\"kb-blocks-bg-video-container\"><video class=\"kb-blocks-bg-video\" id=\"bg-row-video-55986_e2178a-bd\" playsinline muted loop src=\"https:\/\/www.grmbibleinstitute.com\/wp-content\/uploads\/2022\/12\/bible.mp4\" autoplay><\/video><\/div><div class=\"kt-row-layout-overlay kt-row-overlay-gradient\"><\/div><div class=\"kt-row-layout-bottom-sep kt-row-sep-type-ctd\"><svg viewBox=\"0 0 1000 100\" preserveAspectRatio=\"none\"><path d=\"M1000,0l-500,98l-500,-98l0,100l1000,0l0,-100Z\" style=\"opacity: 0.4\" \/><path d=\"M1000,20l-500,78l-500,-78l0,80l1000,0l0,-80Z\" \/><\/svg><\/div><div class=\"kt-row-column-wrap kt-has-1-columns kt-row-layout-equal kt-tab-layout-inherit kt-mobile-layout-row kt-row-valign-top kb-theme-content-width\">\n<style>.kadence-column55986_58cc19-e3 > .kt-inside-inner-col{padding-bottom:var(--global-kb-spacing-5xl, 10rem);}.kadence-column55986_58cc19-e3 > .kt-inside-inner-col,.kadence-column55986_58cc19-e3 > .kt-inside-inner-col:before{border-top-left-radius:0px;border-top-right-radius:0px;border-bottom-right-radius:0px;border-bottom-left-radius:0px;}.kadence-column55986_58cc19-e3 > .kt-inside-inner-col{column-gap:var(--global-kb-gap-sm, 1rem);}.kadence-column55986_58cc19-e3 > .kt-inside-inner-col{flex-direction:column;}.kadence-column55986_58cc19-e3 > .kt-inside-inner-col > .aligncenter{width:100%;}.kadence-column55986_58cc19-e3 > .kt-inside-inner-col:before{opacity:0.3;}.kadence-column55986_58cc19-e3{position:relative;}@media all and (max-width: 1024px){.kadence-column55986_58cc19-e3 > .kt-inside-inner-col{flex-direction:column;justify-content:center;}}@media all and (max-width: 767px){.kadence-column55986_58cc19-e3 > .kt-inside-inner-col{padding-bottom:0px;flex-direction:column;justify-content:center;}}<\/style>\n<div class=\"wp-block-kadence-column kadence-column55986_58cc19-e3\"><div class=\"kt-inside-inner-col\"><style>.wp-block-kadence-advancedheading.kt-adv-heading55986_52aa1f-11, .wp-block-kadence-advancedheading.kt-adv-heading55986_52aa1f-11[data-kb-block=\"kb-adv-heading55986_52aa1f-11\"]{margin-bottom:var(--global-kb-spacing-xxs, 0.5rem);font-style:normal;}.wp-block-kadence-advancedheading.kt-adv-heading55986_52aa1f-11 mark.kt-highlight, .wp-block-kadence-advancedheading.kt-adv-heading55986_52aa1f-11[data-kb-block=\"kb-adv-heading55986_52aa1f-11\"] mark.kt-highlight{font-style:normal;color:#f76a0c;-webkit-box-decoration-break:clone;box-decoration-break:clone;padding-top:0px;padding-right:0px;padding-bottom:0px;padding-left:0px;}.wp-block-kadence-advancedheading.kt-adv-heading55986_52aa1f-11 img.kb-inline-image, .wp-block-kadence-advancedheading.kt-adv-heading55986_52aa1f-11[data-kb-block=\"kb-adv-heading55986_52aa1f-11\"] img.kb-inline-image{width:150px;vertical-align:baseline;}@media all and (max-width: 767px){.wp-block-kadence-advancedheading.kt-adv-heading55986_52aa1f-11, .wp-block-kadence-advancedheading.kt-adv-heading55986_52aa1f-11[data-kb-block=\"kb-adv-heading55986_52aa1f-11\"]{line-height:1.1;}}<\/style>\n<h2 class=\"kt-adv-heading55986_52aa1f-11 wp-block-kadence-advancedheading has-theme-palette-9-color has-text-color\" data-kb-block=\"kb-adv-heading55986_52aa1f-11\"><strong>Cursos de Corta Duraci\u00f3n<\/strong><\/h2>\n\n\n<style>.wp-block-kadence-advancedheading.kt-adv-heading55986_38fb6a-62, .wp-block-kadence-advancedheading.kt-adv-heading55986_38fb6a-62[data-kb-block=\"kb-adv-heading55986_38fb6a-62\"]{margin-bottom:var(--global-kb-spacing-3xl, 6.5rem);line-height:1.2;font-style:normal;}.wp-block-kadence-advancedheading.kt-adv-heading55986_38fb6a-62 mark.kt-highlight, .wp-block-kadence-advancedheading.kt-adv-heading55986_38fb6a-62[data-kb-block=\"kb-adv-heading55986_38fb6a-62\"] mark.kt-highlight{font-style:normal;color:#f76a0c;-webkit-box-decoration-break:clone;box-decoration-break:clone;padding-top:0px;padding-right:0px;padding-bottom:0px;padding-left:0px;}.wp-block-kadence-advancedheading.kt-adv-heading55986_38fb6a-62 img.kb-inline-image, .wp-block-kadence-advancedheading.kt-adv-heading55986_38fb6a-62[data-kb-block=\"kb-adv-heading55986_38fb6a-62\"] img.kb-inline-image{width:150px;vertical-align:baseline;}@media all and (max-width: 767px){.wp-block-kadence-advancedheading.kt-adv-heading55986_38fb6a-62, .wp-block-kadence-advancedheading.kt-adv-heading55986_38fb6a-62[data-kb-block=\"kb-adv-heading55986_38fb6a-62\"]{margin-bottom:var(--global-kb-spacing-md, 2rem);}}<\/style>\n<p class=\"kt-adv-heading55986_38fb6a-62 wp-block-kadence-advancedheading has-theme-palette-9-color has-text-color\" data-kb-block=\"kb-adv-heading55986_38fb6a-62\"><strong>Learn about divine wholeness, the strategic importance of Israel, the biblical feasts, and much more!<\/strong><\/p>\n<\/div><\/div>\n\n<\/div><\/div><style>.kb-row-layout-id55986_5e1f67-3f > .kt-row-column-wrap{align-content:start;}:where(.kb-row-layout-id55986_5e1f67-3f > .kt-row-column-wrap) > .wp-block-kadence-column{justify-content:start;}.kb-row-layout-id55986_5e1f67-3f > .kt-row-column-wrap{column-gap:var(--global-kb-gap-md, 2rem);row-gap:var(--global-kb-gap-md, 2rem);max-width:var( --global-content-width, 1170px );padding-left:var(--global-content-edge-padding);padding-right:var(--global-content-edge-padding);padding-top:0px;padding-bottom:var(--global-kb-spacing-3xl, 6.5rem);grid-template-columns:minmax(0, 1fr);}.kb-row-layout-id55986_5e1f67-3f{background-image:linear-gradient(180deg,rgb(218,196,228) 49%,rgb(206,160,221) 100%);}.kb-row-layout-id55986_5e1f67-3f > .kt-row-layout-overlay{opacity:0.30;}@media all and (max-width: 1024px){.kb-row-layout-id55986_5e1f67-3f > .kt-row-column-wrap{padding-bottom:var(--global-kb-spacing-xxl, 5rem);grid-template-columns:minmax(0, 1fr);}}@media all and (max-width: 767px){.kb-row-layout-id55986_5e1f67-3f > .kt-row-column-wrap{padding-bottom:var(--global-kb-spacing-xl, 4rem);grid-template-columns:minmax(0, 1fr);}}<\/style><div class=\"kb-row-layout-wrap kb-row-layout-id55986_5e1f67-3f alignfull kt-row-has-bg wp-block-kadence-rowlayout\"><div class=\"kt-row-column-wrap kt-has-1-columns kt-row-layout-equal kt-tab-layout-inherit kt-mobile-layout-row kt-row-valign-top kb-theme-content-width\">\n<style>.kadence-column55986_d997fe-2e > .kt-inside-inner-col,.kadence-column55986_d997fe-2e > .kt-inside-inner-col:before{border-top-left-radius:0px;border-top-right-radius:0px;border-bottom-right-radius:0px;border-bottom-left-radius:0px;}.kadence-column55986_d997fe-2e > .kt-inside-inner-col{column-gap:var(--global-kb-gap-sm, 1rem);}.kadence-column55986_d997fe-2e > .kt-inside-inner-col{flex-direction:column;}.kadence-column55986_d997fe-2e > .kt-inside-inner-col > .aligncenter{width:100%;}.kadence-column55986_d997fe-2e > .kt-inside-inner-col:before{opacity:0.3;}.kadence-column55986_d997fe-2e{position:relative;}.kadence-column55986_d997fe-2e, .kt-inside-inner-col > .kadence-column55986_d997fe-2e:not(.specificity){margin-top:-24rem;}@media all and (max-width: 1024px){.kadence-column55986_d997fe-2e > .kt-inside-inner-col{flex-direction:column;justify-content:center;}}@media all and (max-width: 767px){.kadence-column55986_d997fe-2e > .kt-inside-inner-col{flex-direction:column;justify-content:center;}.kadence-column55986_d997fe-2e, .kt-inside-inner-col > .kadence-column55986_d997fe-2e:not(.specificity){margin-top:-10rem;}}<\/style>\n<div class=\"wp-block-kadence-column kadence-column55986_d997fe-2e\"><div class=\"kt-inside-inner-col\"><style>.kt-post-loop55986_869326-e5 .kt-post-grid-wrap{gap:1em 1em;}.kt-post-loop55986_869326-e5 .kt-blocks-post-grid-item{border-top-left-radius:8px;border-top-right-radius:8px;border-bottom-right-radius:8px;border-bottom-left-radius:8px;background-color:#ffffff;overflow:hidden;box-shadow:4px 4px 18px -7px rgba(0, 0, 0, 0.2);}.kt-post-loop55986_869326-e5 .kt-blocks-post-grid-item .kt-blocks-post-grid-item-inner{padding-top:2em;padding-right:2em;padding-bottom:2em;padding-left:2em;}.kt-post-loop55986_869326-e5 .kt-blocks-post-grid-item .entry-title{padding-top:0px;padding-right:0px;padding-bottom:0px;margin-top:0px;margin-right:0px;margin-bottom:8px;margin-left:0px;font-size:1.65rem;line-height:1.2em;}.kt-post-loop55986_869326-e5 .entry-content{padding-top:0px;padding-right:0px;padding-bottom:0px;padding-left:0px;margin-top:0px;margin-right:0px;margin-bottom:0px;margin-left:0px;font-size:1.125rem;}.kt-post-loop55986_869326-e5 .kt-blocks-post-footer{border-top-width:0px;border-right-width:0px;border-bottom-width:0px;border-left-width:0px;padding-top:0px;padding-right:15px;padding-bottom:5px;padding-left:15px;margin-top:0px;margin-right:0px;margin-bottom:0px;margin-left:0px;}.kt-post-loop55986_869326-e5 .entry-content:after{height:0px;}.kt-post-loop55986_869326-e5 .entry-content .kt-blocks-post-readmore{background-color:#742b99;border-color:#742b99;color:#ffffff;border-radius:4px;padding-top:8px;padding-right:18px;padding-bottom:8px;padding-left:18px;margin-top:16px;margin-right:0px;margin-bottom:0px;margin-left:0px;font-size:1.25rem;letter-spacing:-0.5px;font-weight:bold;}.kt-post-loop55986_869326-e5 .entry-content .kt-blocks-post-readmore:hover{color:#ffffff;border-color:#641485;background-color:#641485;}.kt-post-loop55986_869326-e5 .kb-filter-item{border-top-width:0px;border-right-width:0px;border-bottom-width:2px;border-left-width:0px;padding-top:5px;padding-right:8px;padding-bottom:5px;padding-left:8px;margin-top:0px;margin-right:10px;margin-bottom:0px;margin-left:0px;}@media all and (max-width: 767px){.kt-post-loop55986_869326-e5 .kt-blocks-post-grid-item .kt-blocks-post-grid-item-inner{padding-top:1.5em;padding-right:1.5em;padding-bottom:1.5em;padding-left:1.5em;}}<\/style><div class=\"wp-block-kadence-postgrid kt-blocks-post-loop-block alignnone kt-post-loop55986_869326-e5 kt-post-grid-layout-grid \"><div class=\"kt-post-grid-layout-grid-wrap kt-post-grid-wrap\" data-columns-xxl=\"3\" data-columns-xl=\"3\" data-columns-md=\"3\" data-columns-sm=\"2\" data-columns-xs=\"1\" data-columns-ss=\"1\"data-item-selector=\".kt-post-masonry-item\" aria-label=\"Post Carousel\"><article class=\"kt-blocks-post-grid-item post-55655 page type-page status-publish has-post-thumbnail hentry pmpro-has-access\"><div class=\"kt-blocks-post-grid-item-inner-wrap kt-feat-image-align-top kt-feat-image-mobile-align-top\"><div class=\"kadence-post-image\"><div class=\"kadence-post-image-intrisic kt-image-ratio-56-25\" style=\"padding-bottom:56.25%;\"><div class=\"kadence-post-image-inner-intrisic\"><a aria-hidden=\"true\" tabindex=\"-1\" role=\"presentation\" href=\"https:\/\/www.grmbibleinstitute.com\/es\/curso-el-factor-israel\/\" aria-label=\"Curso El Factor Israel\" class=\"kadence-post-image-inner-wrap\"><img loading=\"lazy\" decoding=\"async\" width=\"1024\" height=\"577\" src=\"https:\/\/www.grmbibleinstitute.com\/wp-content\/uploads\/2024\/04\/israel-factor-course-banner-1024x577.jpg\" class=\"attachment-large size-large wp-post-image\" alt=\"The Israel Factor\" srcset=\"https:\/\/www.grmbibleinstitute.com\/wp-content\/uploads\/2024\/04\/israel-factor-course-banner-1024x577.jpg 1024w, https:\/\/www.grmbibleinstitute.com\/wp-content\/uploads\/2024\/04\/israel-factor-course-banner-300x169.jpg 300w, https:\/\/www.grmbibleinstitute.com\/wp-content\/uploads\/2024\/04\/israel-factor-course-banner-768x432.jpg 768w, https:\/\/www.grmbibleinstitute.com\/wp-content\/uploads\/2024\/04\/israel-factor-course-banner-1536x865.jpg 1536w, https:\/\/www.grmbibleinstitute.com\/wp-content\/uploads\/2024\/04\/israel-factor-course-banner-600x338.jpg 600w, https:\/\/www.grmbibleinstitute.com\/wp-content\/uploads\/2024\/04\/israel-factor-course-banner.jpg 1920w\" sizes=\"auto, (max-width: 1024px) 100vw, 1024px\" \/><\/a><\/div><\/div><\/div><div class=\"kt-blocks-post-grid-item-inner\"><header><h3 class=\"entry-title\"><a href=\"https:\/\/www.grmbibleinstitute.com\/es\/curso-el-factor-israel\/\">Curso El Factor Israel<\/a><\/h3><div class=\"kt-blocks-post-top-meta\"><\/div><\/header><div class=\"entry-content\">Curso El Factor Israel Esta recopilaci\u00f3n de art\u00edculos prof\u00e9ticos, que abarca m\u00e1s de 15 a\u00f1os, es una advertencia a las&#8230;<div class=\"kt-blocks-post-readmore-wrap\"><a class=\"kt-blocks-post-readmore\" href=\"https:\/\/www.grmbibleinstitute.com\/es\/curso-el-factor-israel\/\">M\u00e1s informaci\u00f3n<span class=\"screen-reader-text\"> Curso El Factor Israel<\/span><\/a><\/div><\/div><footer class=\"kt-blocks-post-footer\"><div class=\"kt-blocks-post-footer-left\"><\/div><div class=\"kt-blocks-post-footer-right\"><\/div><\/footer><\/div><\/div><\/article><article class=\"kt-blocks-post-grid-item post-54474 page type-page status-publish has-post-thumbnail hentry pmpro-has-access\"><div class=\"kt-blocks-post-grid-item-inner-wrap kt-feat-image-align-top kt-feat-image-mobile-align-top\"><div class=\"kadence-post-image\"><div class=\"kadence-post-image-intrisic kt-image-ratio-56-25\" style=\"padding-bottom:56.25%;\"><div class=\"kadence-post-image-inner-intrisic\"><a aria-hidden=\"true\" tabindex=\"-1\" role=\"presentation\" href=\"https:\/\/www.grmbibleinstitute.com\/es\/las-mujeres-poderosas-de-la-biblia\/\" aria-label=\"Las Mujeres Poderosas de la Biblia\" class=\"kadence-post-image-inner-wrap\"><img loading=\"lazy\" decoding=\"async\" width=\"1024\" height=\"576\" src=\"https:\/\/www.grmbibleinstitute.com\/wp-content\/uploads\/2025\/01\/SPA-powerful-omen-of-the-bible-2-1024x576.jpg\" class=\"attachment-large size-large wp-post-image\" alt=\"Powerful Women of the Bible\" srcset=\"https:\/\/www.grmbibleinstitute.com\/wp-content\/uploads\/2025\/01\/SPA-powerful-omen-of-the-bible-2-1024x576.jpg 1024w, https:\/\/www.grmbibleinstitute.com\/wp-content\/uploads\/2025\/01\/SPA-powerful-omen-of-the-bible-2-300x169.jpg 300w, https:\/\/www.grmbibleinstitute.com\/wp-content\/uploads\/2025\/01\/SPA-powerful-omen-of-the-bible-2-768x432.jpg 768w, https:\/\/www.grmbibleinstitute.com\/wp-content\/uploads\/2025\/01\/SPA-powerful-omen-of-the-bible-2-1536x864.jpg 1536w, https:\/\/www.grmbibleinstitute.com\/wp-content\/uploads\/2025\/01\/SPA-powerful-omen-of-the-bible-2-600x338.jpg 600w, https:\/\/www.grmbibleinstitute.com\/wp-content\/uploads\/2025\/01\/SPA-powerful-omen-of-the-bible-2.jpg 1920w\" sizes=\"auto, (max-width: 1024px) 100vw, 1024px\" \/><\/a><\/div><\/div><\/div><div class=\"kt-blocks-post-grid-item-inner\"><header><h3 class=\"entry-title\"><a href=\"https:\/\/www.grmbibleinstitute.com\/es\/las-mujeres-poderosas-de-la-biblia\/\">Las Mujeres Poderosas de la Biblia<\/a><\/h3><div class=\"kt-blocks-post-top-meta\"><\/div><\/header><div class=\"entry-content\">Las Mujeres Poderosas de la Biblia Descubra en las Sagradas Escrituras lo que hizo que mujeres \u00abcomunes\u00bb como Rut, Yael,&#8230;<div class=\"kt-blocks-post-readmore-wrap\"><a class=\"kt-blocks-post-readmore\" href=\"https:\/\/www.grmbibleinstitute.com\/es\/las-mujeres-poderosas-de-la-biblia\/\">M\u00e1s informaci\u00f3n<span class=\"screen-reader-text\"> Las Mujeres Poderosas de la Biblia<\/span><\/a><\/div><\/div><footer class=\"kt-blocks-post-footer\"><div class=\"kt-blocks-post-footer-left\"><\/div><div class=\"kt-blocks-post-footer-right\"><\/div><\/footer><\/div><\/div><\/article><article class=\"kt-blocks-post-grid-item post-53995 page type-page status-publish has-post-thumbnail hentry pmpro-has-access\"><div class=\"kt-blocks-post-grid-item-inner-wrap kt-feat-image-align-top kt-feat-image-mobile-align-top\"><div class=\"kadence-post-image\"><div class=\"kadence-post-image-intrisic kt-image-ratio-56-25\" style=\"padding-bottom:56.25%;\"><div class=\"kadence-post-image-inner-intrisic\"><a aria-hidden=\"true\" tabindex=\"-1\" role=\"presentation\" href=\"https:\/\/www.grmbibleinstitute.com\/es\/el-senor-del-shalom\/\" aria-label=\"El Se\u00f1or del Shalom\" class=\"kadence-post-image-inner-wrap\"><img loading=\"lazy\" decoding=\"async\" width=\"1024\" height=\"576\" src=\"https:\/\/www.grmbibleinstitute.com\/wp-content\/uploads\/2025\/01\/el-senor-del-shalom-2-1024x576.jpg\" class=\"attachment-large size-large wp-post-image\" alt=\"El Senor dle Shalom\" srcset=\"https:\/\/www.grmbibleinstitute.com\/wp-content\/uploads\/2025\/01\/el-senor-del-shalom-2-1024x576.jpg 1024w, https:\/\/www.grmbibleinstitute.com\/wp-content\/uploads\/2025\/01\/el-senor-del-shalom-2-300x169.jpg 300w, https:\/\/www.grmbibleinstitute.com\/wp-content\/uploads\/2025\/01\/el-senor-del-shalom-2-768x432.jpg 768w, https:\/\/www.grmbibleinstitute.com\/wp-content\/uploads\/2025\/01\/el-senor-del-shalom-2-1536x863.jpg 1536w, https:\/\/www.grmbibleinstitute.com\/wp-content\/uploads\/2025\/01\/el-senor-del-shalom-2-600x337.jpg 600w, https:\/\/www.grmbibleinstitute.com\/wp-content\/uploads\/2025\/01\/el-senor-del-shalom-2.jpg 1699w\" sizes=\"auto, (max-width: 1024px) 100vw, 1024px\" \/><\/a><\/div><\/div><\/div><div class=\"kt-blocks-post-grid-item-inner\"><header><h3 class=\"entry-title\"><a href=\"https:\/\/www.grmbibleinstitute.com\/es\/el-senor-del-shalom\/\">El Se\u00f1or del Shalom<\/a><\/h3><div class=\"kt-blocks-post-top-meta\"><\/div><\/header><div class=\"entry-content\">El Se\u00f1or del Shalom A trav\u00e9s de este ungido curso de la Dra. Dominiquae Bierman, grabado en el Valle del&#8230;<div class=\"kt-blocks-post-readmore-wrap\"><a class=\"kt-blocks-post-readmore\" href=\"https:\/\/www.grmbibleinstitute.com\/es\/el-senor-del-shalom\/\">M\u00e1s informaci\u00f3n<span class=\"screen-reader-text\"> El Se\u00f1or del Shalom<\/span><\/a><\/div><\/div><footer class=\"kt-blocks-post-footer\"><div class=\"kt-blocks-post-footer-left\"><\/div><div class=\"kt-blocks-post-footer-right\"><\/div><\/footer><\/div><\/div><\/article><\/div><\/div><!-- .wp-block-kadence-postgrid --><\/div><\/div>\n\n<\/div><\/div>","protected":false},"excerpt":{"rendered":"<p>Cursos de Corta Duraci\u00f3n Learn about divine wholeness, the strategic importance of Israel, the biblical feasts, and much more!<\/p>\n","protected":false},"author":1,"featured_media":0,"parent":0,"menu_order":0,"comment_status":"closed","ping_status":"closed","template":"","meta":{"pmpro_default_level":"","_kad_blocks_custom_css":"","_kad_blocks_head_custom_js":"","_kad_blocks_body_custom_js":"","_kad_blocks_footer_custom_js":"","_kadence_starter_templates_imported_post":false,"_kad_post_transparent":"","_kad_post_title":"hide","_kad_post_layout":"","_kad_post_sidebar_id":"","_kad_post_content_style":"","_kad_post_vertical_padding":"","_kad_post_feature":"","_kad_post_feature_position":"","_kad_post_header":false,"_kad_post_footer":false,"_kad_post_classname":"","footnotes":""},"class_list":["post-56357","page","type-page","status-publish","hentry","pmpro-has-access"],"taxonomy_info":[],"featured_image_src_large":false,"author_info":{"display_name":"W B","author_link":"https:\/\/www.grmbibleinstitute.com\/es\/author\/victor\/"},"comment_info":0,"_links":{"self":[{"href":"https:\/\/www.grmbibleinstitute.com\/es\/wp-json\/wp\/v2\/pages\/56357","targetHints":{"allow":["GET"]}}],"collection":[{"href":"https:\/\/www.grmbibleinstitute.com\/es\/wp-json\/wp\/v2\/pages"}],"about":[{"href":"https:\/\/www.grmbibleinstitute.com\/es\/wp-json\/wp\/v2\/types\/page"}],"author":[{"embeddable":true,"href":"https:\/\/www.grmbibleinstitute.com\/es\/wp-json\/wp\/v2\/users\/1"}],"replies":[{"embeddable":true,"href":"https:\/\/www.grmbibleinstitute.com\/es\/wp-json\/wp\/v2\/comments?post=56357"}],"version-history":[{"count":2,"href":"https:\/\/www.grmbibleinstitute.com\/es\/wp-json\/wp\/v2\/pages\/56357\/revisions"}],"predecessor-version":[{"id":56361,"href":"https:\/\/www.grmbibleinstitute.com\/es\/wp-json\/wp\/v2\/pages\/56357\/revisions\/56361"}],"wp:attachment":[{"href":"https:\/\/www.grmbibleinstitute.com\/es\/wp-json\/wp\/v2\/media?parent=56357"}],"curies":[{"name":"wp","href":"https:\/\/api.w.org\/{rel}","templated":true}]}}