{"id":58890,"date":"2021-04-28T05:19:19","date_gmt":"2021-04-28T11:19:19","guid":{"rendered":"https:\/\/www.grmbibleinstitute.com\/?page_id=58890"},"modified":"2026-01-26T10:41:44","modified_gmt":"2026-01-26T16:41:44","slug":"hjem","status":"publish","type":"page","link":"https:\/\/www.grmbibleinstitute.com\/no\/","title":{"rendered":"Hjem"},"content":{"rendered":"<style>.kb-row-layout-id58890_0fe61d-6c > .kt-row-column-wrap{align-content:start;}:where(.kb-row-layout-id58890_0fe61d-6c > .kt-row-column-wrap) > .wp-block-kadence-column{justify-content:start;}.kb-row-layout-id58890_0fe61d-6c > .kt-row-column-wrap{column-gap:var(--global-kb-gap-md, 2rem);row-gap:var(--global-kb-gap-md, 2rem);max-width:var( --global-content-width, 1170px );padding-left:var(--global-content-edge-padding);padding-right:var(--global-content-edge-padding);padding-top:var(--global-kb-spacing-4xl, 8rem);padding-bottom:var(--global-kb-spacing-xxl, 5rem);grid-template-columns:minmax(0, 1fr);}.kb-row-layout-id58890_0fe61d-6c{background-color:#bba580;background-image:url('https:\/\/www.grmbibleinstitute.com\/wp-content\/uploads\/2025\/09\/UNIFY-course-banner-1.jpg');background-size:cover;background-position:50% 50%;background-attachment:fixed;background-repeat:no-repeat;}.kb-row-layout-id58890_0fe61d-6c > .kt-row-layout-overlay{opacity:0.90;background:linear-gradient(135deg,rgb(187,165,128) 0%,rgb(159,133,102) 100%);}@media all and (max-width: 1024px), only screen and (min-device-width: 1024px) and (max-device-width: 1366px) and (-webkit-min-device-pixel-ratio: 2) and (hover: none){.kb-row-layout-id58890_0fe61d-6c{background-attachment:scroll;}}@media all and (max-width: 1024px){.kb-row-layout-id58890_0fe61d-6c > .kt-row-column-wrap{padding-top:var(--global-kb-spacing-3xl, 6.5rem);padding-bottom:var(--global-kb-spacing-xl, 4rem);grid-template-columns:minmax(0, 1fr);}}@media all and (max-width: 767px){.kb-row-layout-id58890_0fe61d-6c > .kt-row-column-wrap{padding-top:var(--global-kb-spacing-3xl, 6.5rem);padding-bottom:var(--global-kb-spacing-md, 2rem);grid-template-columns:minmax(0, 1fr);}}<\/style><div class=\"kb-row-layout-wrap kb-row-layout-id58890_0fe61d-6c alignfull kt-row-has-bg wp-block-kadence-rowlayout\"><div class=\"kt-row-layout-overlay kt-row-overlay-gradient\"><\/div><div class=\"kt-row-column-wrap kt-has-1-columns kt-row-layout-equal kt-tab-layout-inherit kt-mobile-layout-row kt-row-valign-top kb-theme-content-width\">\n<style>.kadence-column58890_9f0059-fc > .kt-inside-inner-col{box-shadow:0px 8px 16px 0px rgba(0, 0, 0, 0.2);}.kadence-column58890_9f0059-fc > .kt-inside-inner-col,.kadence-column58890_9f0059-fc > .kt-inside-inner-col:before{border-top-left-radius:0.5rem;border-top-right-radius:0.5rem;border-bottom-right-radius:0.5rem;border-bottom-left-radius:0.5rem;}.kadence-column58890_9f0059-fc > .kt-inside-inner-col{column-gap:var(--global-kb-gap-sm, 1rem);}.kadence-column58890_9f0059-fc > .kt-inside-inner-col{flex-direction:column;}.kadence-column58890_9f0059-fc > .kt-inside-inner-col > .aligncenter{width:100%;}.kadence-column58890_9f0059-fc > .kt-inside-inner-col{background-color:#ffffff;}.kadence-column58890_9f0059-fc > .kt-inside-inner-col:before{opacity:0.3;}.kadence-column58890_9f0059-fc{position:relative;}@media all and (max-width: 1024px){.kadence-column58890_9f0059-fc > .kt-inside-inner-col{flex-direction:column;justify-content:center;}}@media all and (max-width: 767px){.kadence-column58890_9f0059-fc > .kt-inside-inner-col{flex-direction:column;justify-content:center;}}<\/style>\n<div class=\"wp-block-kadence-column kadence-column58890_9f0059-fc\"><div class=\"kt-inside-inner-col\"><style>.wp-block-kadence-image.kb-image58890_3cdfae-f9:not(.kb-specificity-added):not(.kb-extra-specificity-added){margin-top:0px;margin-right:0px;margin-bottom:0px;margin-left:0px;}.kb-image58890_3cdfae-f9:not(.kb-image-is-ratio-size) .kb-img, .kb-image58890_3cdfae-f9.kb-image-is-ratio-size{padding-top:0px;padding-right:0px;padding-bottom:0px;padding-left:0px;}.kb-image58890_3cdfae-f9 .kb-image-has-overlay:after{opacity:0.3;border-top-left-radius:0.5rem;border-top-right-radius:0.5rem;border-bottom-right-radius:0rem;border-bottom-left-radius:0rem;}.kb-image58890_3cdfae-f9 img.kb-img, .kb-image58890_3cdfae-f9 .kb-img img{border-top-left-radius:0.5rem;border-top-right-radius:0.5rem;border-bottom-right-radius:0rem;border-bottom-left-radius:0rem;}<\/style>\n<figure class=\"wp-block-kadence-image kb-image58890_3cdfae-f9 kb-image-is-ratio-size\"><div class=\"kb-is-ratio-image kb-image-ratio-land169\"><img loading=\"lazy\" decoding=\"async\" width=\"1920\" height=\"1281\" src=\"https:\/\/www.grmbibleinstitute.com\/wp-content\/uploads\/2025\/09\/UNIFY-course-banner-1.jpg\" alt=\"United Nations for Israel Course\" class=\"kb-img wp-image-57849\" srcset=\"https:\/\/www.grmbibleinstitute.com\/wp-content\/uploads\/2025\/09\/UNIFY-course-banner-1.jpg 1920w, https:\/\/www.grmbibleinstitute.com\/wp-content\/uploads\/2025\/09\/UNIFY-course-banner-1-300x200.jpg 300w, https:\/\/www.grmbibleinstitute.com\/wp-content\/uploads\/2025\/09\/UNIFY-course-banner-1-1024x683.jpg 1024w, https:\/\/www.grmbibleinstitute.com\/wp-content\/uploads\/2025\/09\/UNIFY-course-banner-1-768x512.jpg 768w, https:\/\/www.grmbibleinstitute.com\/wp-content\/uploads\/2025\/09\/UNIFY-course-banner-1-1536x1025.jpg 1536w, https:\/\/www.grmbibleinstitute.com\/wp-content\/uploads\/2025\/09\/UNIFY-course-banner-1-600x400.jpg 600w\" sizes=\"auto, (max-width: 1920px) 100vw, 1920px\" \/><\/div><\/figure>\n\n\n<style>.kb-row-layout-id58890_f4bc2b-c7 > .kt-row-column-wrap{align-content:start;}:where(.kb-row-layout-id58890_f4bc2b-c7 > .kt-row-column-wrap) > .wp-block-kadence-column{justify-content:start;}.kb-row-layout-id58890_f4bc2b-c7 > .kt-row-column-wrap{column-gap:var(--global-kb-gap-md, 2rem);row-gap:var(--global-kb-gap-md, 2rem);max-width:var( --global-content-width, 1170px );padding-left:var(--global-content-edge-padding);padding-right:var(--global-content-edge-padding);padding-top:var(--global-kb-spacing-md, 2rem);padding-bottom:var(--global-kb-spacing-md, 2rem);grid-template-columns:minmax(0, 1fr);}.kb-row-layout-id58890_f4bc2b-c7 > .kt-row-layout-overlay{opacity:0.30;}@media all and (max-width: 1024px){.kb-row-layout-id58890_f4bc2b-c7 > .kt-row-column-wrap{grid-template-columns:minmax(0, 1fr);}}@media all and (max-width: 767px){.kb-row-layout-id58890_f4bc2b-c7 > .kt-row-column-wrap{grid-template-columns:minmax(0, 1fr);}}<\/style><div class=\"kb-row-layout-wrap kb-row-layout-id58890_f4bc2b-c7 alignnone wp-block-kadence-rowlayout\"><div class=\"kt-row-column-wrap kt-has-1-columns kt-row-layout-equal kt-tab-layout-inherit kt-mobile-layout-row kt-row-valign-top kb-theme-content-width\">\n<style>.kadence-column58890_99e176-5e > .kt-inside-inner-col{padding-top:var(--global-kb-spacing-xs, 1rem);padding-right:var(--global-kb-spacing-xs, 1rem);padding-bottom:var(--global-kb-spacing-xs, 1rem);padding-left:var(--global-kb-spacing-xs, 1rem);}.kadence-column58890_99e176-5e > .kt-inside-inner-col,.kadence-column58890_99e176-5e > .kt-inside-inner-col:before{border-top-left-radius:0px;border-top-right-radius:0px;border-bottom-right-radius:0px;border-bottom-left-radius:0px;}.kadence-column58890_99e176-5e > .kt-inside-inner-col{column-gap:var(--global-kb-gap-sm, 1rem);}.kadence-column58890_99e176-5e > .kt-inside-inner-col{flex-direction:column;}.kadence-column58890_99e176-5e > .kt-inside-inner-col > .aligncenter{width:100%;}.kadence-column58890_99e176-5e > .kt-inside-inner-col:before{opacity:0.3;}.kadence-column58890_99e176-5e{position:relative;}@media all and (max-width: 1024px){.kadence-column58890_99e176-5e > .kt-inside-inner-col{flex-direction:column;justify-content:center;}}@media all and (max-width: 767px){.kadence-column58890_99e176-5e > .kt-inside-inner-col{padding-top:0px;padding-right:0px;padding-bottom:0px;padding-left:0px;flex-direction:column;justify-content:center;}}<\/style>\n<div class=\"wp-block-kadence-column kadence-column58890_99e176-5e\"><div class=\"kt-inside-inner-col\"><style>.wp-block-kadence-advancedheading.kt-adv-heading58890_34c95c-76, .wp-block-kadence-advancedheading.kt-adv-heading58890_34c95c-76[data-kb-block=\"kb-adv-heading58890_34c95c-76\"]{line-height:1.1;font-style:normal;}.wp-block-kadence-advancedheading.kt-adv-heading58890_34c95c-76 mark.kt-highlight, .wp-block-kadence-advancedheading.kt-adv-heading58890_34c95c-76[data-kb-block=\"kb-adv-heading58890_34c95c-76\"] mark.kt-highlight{font-style:normal;color:#f76a0c;-webkit-box-decoration-break:clone;box-decoration-break:clone;padding-top:0px;padding-right:0px;padding-bottom:0px;padding-left:0px;}.wp-block-kadence-advancedheading.kt-adv-heading58890_34c95c-76 img.kb-inline-image, .wp-block-kadence-advancedheading.kt-adv-heading58890_34c95c-76[data-kb-block=\"kb-adv-heading58890_34c95c-76\"] img.kb-inline-image{width:150px;vertical-align:baseline;}@media all and (max-width: 767px){.wp-block-kadence-advancedheading.kt-adv-heading58890_34c95c-76, .wp-block-kadence-advancedheading.kt-adv-heading58890_34c95c-76[data-kb-block=\"kb-adv-heading58890_34c95c-76\"]{font-size:2rem;}}<\/style>\n<h2 class=\"kt-adv-heading58890_34c95c-76 wp-block-kadence-advancedheading\" data-kb-block=\"kb-adv-heading58890_34c95c-76\">Forente Nasjoner for Israel (UNIFY) kurs<\/h2>\n\n\n<style>.wp-block-kadence-advancedheading.kt-adv-heading58890_4fba4d-49, .wp-block-kadence-advancedheading.kt-adv-heading58890_4fba4d-49[data-kb-block=\"kb-adv-heading58890_4fba4d-49\"]{padding-top:var(--global-kb-spacing-xs, 1rem);padding-right:var(--global-kb-spacing-sm, 1.5rem);padding-bottom:var(--global-kb-spacing-xs, 1rem);padding-left:var(--global-kb-spacing-sm, 1.5rem);font-size:1.5rem;line-height:1.1;font-style:normal;border-top-left-radius:0.5rem;border-top-right-radius:0.5rem;border-bottom-right-radius:0.5rem;border-bottom-left-radius:0.5rem;}.wp-block-kadence-advancedheading.kt-adv-heading58890_4fba4d-49[data-kb-block=\"kb-adv-heading58890_4fba4d-49\"]{display:flex;gap:0.25em;align-items:start;}.wp-block-kadence-advancedheading.kt-adv-heading58890_4fba4d-49[data-kb-block=\"kb-adv-heading58890_4fba4d-49\"] .kb-adv-heading-icon svg{width:1em;height:1em;}.wp-block-kadence-advancedheading.kt-adv-heading58890_4fba4d-49[data-kb-block=\"kb-adv-heading58890_4fba4d-49\"] .kb-adv-heading-icon{color:var(--global-palette1, #3182CE);}.wp-block-kadence-advancedheading.kt-adv-heading58890_4fba4d-49 mark.kt-highlight, .wp-block-kadence-advancedheading.kt-adv-heading58890_4fba4d-49[data-kb-block=\"kb-adv-heading58890_4fba4d-49\"] mark.kt-highlight{font-style:normal;color:#f76a0c;-webkit-box-decoration-break:clone;box-decoration-break:clone;padding-top:0px;padding-right:0px;padding-bottom:0px;padding-left:0px;}.wp-block-kadence-advancedheading.kt-adv-heading58890_4fba4d-49 img.kb-inline-image, .wp-block-kadence-advancedheading.kt-adv-heading58890_4fba4d-49[data-kb-block=\"kb-adv-heading58890_4fba4d-49\"] img.kb-inline-image{width:150px;vertical-align:baseline;}@media all and (max-width: 767px){.wp-block-kadence-advancedheading.kt-adv-heading58890_4fba4d-49, .wp-block-kadence-advancedheading.kt-adv-heading58890_4fba4d-49[data-kb-block=\"kb-adv-heading58890_4fba4d-49\"]{padding-right:var(--global-kb-spacing-xs, 1rem);padding-left:var(--global-kb-spacing-xs, 1rem);font-size:1rem;}}<\/style><p class=\"kt-adv-heading58890_4fba4d-49 wp-block-kadence-advancedheading kt-adv-heading-has-icon has-theme-palette8-background-color has-background\" data-kb-block=\"kb-adv-heading58890_4fba4d-49\"><span class=\"kb-svg-icon-wrap kb-adv-heading-icon kb-svg-icon-fas_info-circle kb-adv-heading-icon-side-left\"><svg viewBox=\"0 0 512 512\"  fill=\"currentColor\" xmlns=\"http:\/\/www.w3.org\/2000\/svg\"  aria-hidden=\"true\"><path d=\"M256 8C119.043 8 8 119.083 8 256c0 136.997 111.043 248 248 248s248-111.003 248-248C504 119.083 392.957 8 256 8zm0 110c23.196 0 42 18.804 42 42s-18.804 42-42 42-42-18.804-42-42 18.804-42 42-42zm56 254c0 6.627-5.373 12-12 12h-88c-6.627 0-12-5.373-12-12v-24c0-6.627 5.373-12 12-12h12v-64h-12c-6.627 0-12-5.373-12-12v-24c0-6.627 5.373-12 12-12h64c6.627 0 12 5.373 12 12v100h12c6.627 0 12 5.373 12 12v24z\"\/><\/svg><\/span><span class=\"kb-adv-text-inner\"><strong>Gratis kurs<\/strong> &#8211; Kun for medlemmer av De Forente Nasjoner for Israel.<\/span><\/p>\n\n<style>.wp-block-kadence-advancedheading.kt-adv-heading58890_20412c-6d, .wp-block-kadence-advancedheading.kt-adv-heading58890_20412c-6d[data-kb-block=\"kb-adv-heading58890_20412c-6d\"]{font-weight:700;font-style:normal;}.wp-block-kadence-advancedheading.kt-adv-heading58890_20412c-6d mark.kt-highlight, .wp-block-kadence-advancedheading.kt-adv-heading58890_20412c-6d[data-kb-block=\"kb-adv-heading58890_20412c-6d\"] mark.kt-highlight{font-style:normal;color:#f76a0c;-webkit-box-decoration-break:clone;box-decoration-break:clone;padding-top:0px;padding-right:0px;padding-bottom:0px;padding-left:0px;}.wp-block-kadence-advancedheading.kt-adv-heading58890_20412c-6d img.kb-inline-image, .wp-block-kadence-advancedheading.kt-adv-heading58890_20412c-6d[data-kb-block=\"kb-adv-heading58890_20412c-6d\"] img.kb-inline-image{width:150px;vertical-align:baseline;}<\/style>\n<p class=\"kt-adv-heading58890_20412c-6d wp-block-kadence-advancedheading\" data-kb-block=\"kb-adv-heading58890_20412c-6d\">Viktigheten av dette kurset kan ikke undervurderes i lys av det n\u00e5v\u00e6rende intense \u00e5ndelige klimaet som st\u00e5r imot det j\u00f8diske folket og deres hjemland. Israel er virkelig nasjonenes profetiske tidsur \u2013 og dommen over hvordan hun har blitt behandlet vil snart falle.<\/p>\n\n\n<style>.wp-block-kadence-advancedheading.kt-adv-heading58890_39182b-e3, .wp-block-kadence-advancedheading.kt-adv-heading58890_39182b-e3[data-kb-block=\"kb-adv-heading58890_39182b-e3\"]{font-style:normal;}.wp-block-kadence-advancedheading.kt-adv-heading58890_39182b-e3 mark.kt-highlight, .wp-block-kadence-advancedheading.kt-adv-heading58890_39182b-e3[data-kb-block=\"kb-adv-heading58890_39182b-e3\"] mark.kt-highlight{font-style:normal;color:#f76a0c;-webkit-box-decoration-break:clone;box-decoration-break:clone;padding-top:0px;padding-right:0px;padding-bottom:0px;padding-left:0px;}.wp-block-kadence-advancedheading.kt-adv-heading58890_39182b-e3 img.kb-inline-image, .wp-block-kadence-advancedheading.kt-adv-heading58890_39182b-e3[data-kb-block=\"kb-adv-heading58890_39182b-e3\"] img.kb-inline-image{width:150px;vertical-align:baseline;}<\/style>\n<p class=\"kt-adv-heading58890_39182b-e3 wp-block-kadence-advancedheading\" data-kb-block=\"kb-adv-heading58890_39182b-e3\">Forente Nasjoner for Israel kurset er dyktig utformet av Dr. Dominiquae Bierman \u2013 en israelsk-amerikansk forkynner \u2013 og forklarer tydelig hvordan og hvorfor du b\u00f8r bli en del av det messiansk-salvede apostolisk profetiske folket som reiser seg som en mektig h\u00e6r, styrket av Den hellige \u00e5nd for \u00e5 avverge planene til Israels fiender. Mange blir kalt sammen for \u00e5 f\u00f8re inn en stor vekkelse og en rikelig h\u00f8st av sjeler for Hans rike.<\/p>\n\n\n<style>.wp-block-kadence-advancedheading.kt-adv-heading58890_20ec17-c3, .wp-block-kadence-advancedheading.kt-adv-heading58890_20ec17-c3[data-kb-block=\"kb-adv-heading58890_20ec17-c3\"]{font-style:normal;}.wp-block-kadence-advancedheading.kt-adv-heading58890_20ec17-c3 mark.kt-highlight, .wp-block-kadence-advancedheading.kt-adv-heading58890_20ec17-c3[data-kb-block=\"kb-adv-heading58890_20ec17-c3\"] mark.kt-highlight{font-style:normal;color:#f76a0c;-webkit-box-decoration-break:clone;box-decoration-break:clone;padding-top:0px;padding-right:0px;padding-bottom:0px;padding-left:0px;}.wp-block-kadence-advancedheading.kt-adv-heading58890_20ec17-c3 img.kb-inline-image, .wp-block-kadence-advancedheading.kt-adv-heading58890_20ec17-c3[data-kb-block=\"kb-adv-heading58890_20ec17-c3\"] img.kb-inline-image{width:150px;vertical-align:baseline;}<\/style>\n<p class=\"kt-adv-heading58890_20ec17-c3 wp-block-kadence-advancedheading\" data-kb-block=\"kb-adv-heading58890_20ec17-c3\">Dette omfattende kurset er gjennomsyret av bibelske sannheter, som alle setter f\u00f8ttene dine p\u00e5 et solid fundament og gj\u00f8r det mulig for hver deltaker \u00e5 bli innflytelsesrik for sin egen by og nasjon. Disse sannhetene \u00e5pner en \u00e5ndelig port som \u00c6rens Konge vil g\u00e5 inn gjennom.<\/p>\n\n\n<style>.wp-block-kadence-advancedheading.kt-adv-heading58890_584bcc-11, .wp-block-kadence-advancedheading.kt-adv-heading58890_584bcc-11[data-kb-block=\"kb-adv-heading58890_584bcc-11\"]{font-weight:700;font-style:normal;}.wp-block-kadence-advancedheading.kt-adv-heading58890_584bcc-11 mark.kt-highlight, .wp-block-kadence-advancedheading.kt-adv-heading58890_584bcc-11[data-kb-block=\"kb-adv-heading58890_584bcc-11\"] mark.kt-highlight{font-style:normal;color:#f76a0c;-webkit-box-decoration-break:clone;box-decoration-break:clone;padding-top:0px;padding-right:0px;padding-bottom:0px;padding-left:0px;}.wp-block-kadence-advancedheading.kt-adv-heading58890_584bcc-11 img.kb-inline-image, .wp-block-kadence-advancedheading.kt-adv-heading58890_584bcc-11[data-kb-block=\"kb-adv-heading58890_584bcc-11\"] img.kb-inline-image{width:150px;vertical-align:baseline;}<\/style>\n<p class=\"kt-adv-heading58890_584bcc-11 wp-block-kadence-advancedheading\" data-kb-block=\"kb-adv-heading58890_584bcc-11\">Gjennom UNIFY-kurset vil du:<\/p>\n\n\n\n<ul class=\"wp-block-list\">\n<li>Forst\u00e5 hvordan man virkelig elsker Hans utvalgte folk, og bli som en Rut for Naomi<\/li>\n\n\n\n<li>L\u00e6re gjennom Dr. Dominiquae Biermans strategiske innsikt hvordan du kan st\u00e5 sammen med Israel, mot alle odds, til tross for fiendtlige omgivelser<\/li>\n\n\n\n<li>Komme p\u00e5 linje med det sanne evangeliet fra Sion for \u00e5 forvandle ditt eget liv og ha en evig p\u00e5virkning i ditt land<\/li>\n\n\n\n<li>Samarbeide med Hans hellige agenda for \u00e5 s\u00f8rge for at Sauenasjoner dannes i denne tiden<\/li>\n<\/ul>\n\n\n<style>.wp-block-kadence-advancedheading.kt-adv-heading58890_5cfb99-82, .wp-block-kadence-advancedheading.kt-adv-heading58890_5cfb99-82[data-kb-block=\"kb-adv-heading58890_5cfb99-82\"]{font-weight:700;font-style:normal;}.wp-block-kadence-advancedheading.kt-adv-heading58890_5cfb99-82 mark.kt-highlight, .wp-block-kadence-advancedheading.kt-adv-heading58890_5cfb99-82[data-kb-block=\"kb-adv-heading58890_5cfb99-82\"] mark.kt-highlight{font-style:normal;color:#f76a0c;-webkit-box-decoration-break:clone;box-decoration-break:clone;padding-top:0px;padding-right:0px;padding-bottom:0px;padding-left:0px;}.wp-block-kadence-advancedheading.kt-adv-heading58890_5cfb99-82 img.kb-inline-image, .wp-block-kadence-advancedheading.kt-adv-heading58890_5cfb99-82[data-kb-block=\"kb-adv-heading58890_5cfb99-82\"] img.kb-inline-image{width:150px;vertical-align:baseline;}<\/style>\n<p class=\"kt-adv-heading58890_5cfb99-82 wp-block-kadence-advancedheading\" data-kb-block=\"kb-adv-heading58890_5cfb99-82\">Kursinnhold:<\/p>\n\n\n\n<ul class=\"wp-block-list\">\n<li>UNIFY-felt manual<\/li>\n\n\n\n<li>UNIFY Manifest<\/li>\n\n\n\n<li>Quizzer<\/li>\n\n\n\n<li>Utskrivbart sertifikat<\/li>\n<\/ul>\n\n\n\n<div class=\"wp-block-buttons\"><div class=\"wp-block-button\"><a class=\"wp-block-button__link wp-block-pmpro-checkout-button wp-element-button\" href=\"https:\/\/www.grmbibleinstitute.com\/no\/mine-medlemskap\/membership-checkout\/?pmpro_level=106\">Start \u00e5 studere<\/a><\/div><\/div>\n\n\n<style>.kadence-column58890_8a6373-ea > .kt-inside-inner-col{padding-top:var(--global-kb-spacing-xs, 1rem);padding-right:var(--global-kb-spacing-xs, 1rem);padding-bottom:var(--global-kb-spacing-xs, 1rem);padding-left:var(--global-kb-spacing-xs, 1rem);}.kadence-column58890_8a6373-ea > .kt-inside-inner-col{border-top:1px solid #ffcc00;border-right:1px solid #ffcc00;border-bottom:1px solid #ffcc00;border-left:1px solid #ffcc00;}.kadence-column58890_8a6373-ea > .kt-inside-inner-col,.kadence-column58890_8a6373-ea > .kt-inside-inner-col:before{border-top-left-radius:0.5rem;border-top-right-radius:0.5rem;border-bottom-right-radius:0.5rem;border-bottom-left-radius:0.5rem;}.kadence-column58890_8a6373-ea > .kt-inside-inner-col{column-gap:var(--global-kb-gap-sm, 1rem);}.kadence-column58890_8a6373-ea > .kt-inside-inner-col{flex-direction:column;}.kadence-column58890_8a6373-ea > .kt-inside-inner-col > .aligncenter{width:100%;}.kadence-column58890_8a6373-ea > .kt-inside-inner-col{background-color:rgba(255, 204, 0, 0.07);}.kadence-column58890_8a6373-ea > .kt-inside-inner-col:before{opacity:0.3;}.kadence-column58890_8a6373-ea{position:relative;}@media all and (max-width: 1024px){.kadence-column58890_8a6373-ea > .kt-inside-inner-col{border-top:1px solid #ffcc00;border-right:1px solid #ffcc00;border-bottom:1px solid #ffcc00;border-left:1px solid #ffcc00;flex-direction:column;justify-content:center;}}@media all and (max-width: 767px){.kadence-column58890_8a6373-ea > .kt-inside-inner-col{border-top:1px solid #ffcc00;border-right:1px solid #ffcc00;border-bottom:1px solid #ffcc00;border-left:1px solid #ffcc00;flex-direction:column;justify-content:center;}}<\/style>\n<div class=\"wp-block-kadence-column kadence-column58890_8a6373-ea\"><div class=\"kt-inside-inner-col\"><style>.wp-block-kadence-advancedheading.kt-adv-heading58890_60aa3d-68, .wp-block-kadence-advancedheading.kt-adv-heading58890_60aa3d-68[data-kb-block=\"kb-adv-heading58890_60aa3d-68\"]{margin-bottom:var(--global-kb-spacing-xxs, 0.5rem);font-style:normal;}.wp-block-kadence-advancedheading.kt-adv-heading58890_60aa3d-68 mark.kt-highlight, .wp-block-kadence-advancedheading.kt-adv-heading58890_60aa3d-68[data-kb-block=\"kb-adv-heading58890_60aa3d-68\"] mark.kt-highlight{font-style:normal;color:#f76a0c;-webkit-box-decoration-break:clone;box-decoration-break:clone;padding-top:0px;padding-right:0px;padding-bottom:0px;padding-left:0px;}.wp-block-kadence-advancedheading.kt-adv-heading58890_60aa3d-68 img.kb-inline-image, .wp-block-kadence-advancedheading.kt-adv-heading58890_60aa3d-68[data-kb-block=\"kb-adv-heading58890_60aa3d-68\"] img.kb-inline-image{width:150px;vertical-align:baseline;}<\/style>\n<p class=\"kt-adv-heading58890_60aa3d-68 wp-block-kadence-advancedheading\" data-kb-block=\"kb-adv-heading58890_60aa3d-68\"><strong>Dette kurset er kun tilgjengelig for aktive medlemmer av De Forente nasjoner for Israel (UNIFY).<\/strong><\/p>\n\n\n<style>.wp-block-kadence-advancedheading.kt-adv-heading58890_654512-2e, .wp-block-kadence-advancedheading.kt-adv-heading58890_654512-2e[data-kb-block=\"kb-adv-heading58890_654512-2e\"]{margin-bottom:var(--global-kb-spacing-xxs, 0.5rem);font-style:normal;}.wp-block-kadence-advancedheading.kt-adv-heading58890_654512-2e mark.kt-highlight, .wp-block-kadence-advancedheading.kt-adv-heading58890_654512-2e[data-kb-block=\"kb-adv-heading58890_654512-2e\"] mark.kt-highlight{font-style:normal;color:#f76a0c;-webkit-box-decoration-break:clone;box-decoration-break:clone;padding-top:0px;padding-right:0px;padding-bottom:0px;padding-left:0px;}.wp-block-kadence-advancedheading.kt-adv-heading58890_654512-2e img.kb-inline-image, .wp-block-kadence-advancedheading.kt-adv-heading58890_654512-2e[data-kb-block=\"kb-adv-heading58890_654512-2e\"] img.kb-inline-image{width:150px;vertical-align:baseline;}<\/style>\n<p class=\"kt-adv-heading58890_654512-2e wp-block-kadence-advancedheading\" data-kb-block=\"kb-adv-heading58890_654512-2e\">Hvis du ikke er medlem av UNIFY, vennligst bes\u00f8k <a href=\"https:\/\/unitednationsforisrael.org\/no\/medlemskap\/\" rel=\"noopener\">UNIFY medlemskap-nettsiden<\/a> og start medlemskapet f\u00f8rst.<\/p>\n\n\n<style>.wp-block-kadence-advancedheading.kt-adv-heading58890_d2526c-4d, .wp-block-kadence-advancedheading.kt-adv-heading58890_d2526c-4d[data-kb-block=\"kb-adv-heading58890_d2526c-4d\"]{margin-bottom:0px;font-style:normal;}.wp-block-kadence-advancedheading.kt-adv-heading58890_d2526c-4d mark.kt-highlight, .wp-block-kadence-advancedheading.kt-adv-heading58890_d2526c-4d[data-kb-block=\"kb-adv-heading58890_d2526c-4d\"] mark.kt-highlight{font-style:normal;color:#f76a0c;-webkit-box-decoration-break:clone;box-decoration-break:clone;padding-top:0px;padding-right:0px;padding-bottom:0px;padding-left:0px;}.wp-block-kadence-advancedheading.kt-adv-heading58890_d2526c-4d img.kb-inline-image, .wp-block-kadence-advancedheading.kt-adv-heading58890_d2526c-4d[data-kb-block=\"kb-adv-heading58890_d2526c-4d\"] img.kb-inline-image{width:150px;vertical-align:baseline;}<\/style>\n<p class=\"kt-adv-heading58890_d2526c-4d wp-block-kadence-advancedheading\" data-kb-block=\"kb-adv-heading58890_d2526c-4d\"><strong>For UNIFY-kurset m\u00e5 du opprette en konto med e-postadressen som brukes for ditt UNIFY-medlemskap.<\/strong><\/p>\n<\/div><\/div>\n<\/div><\/div>\n\n<\/div><\/div><\/div><\/div>\n\n<\/div><\/div>","protected":false},"excerpt":{"rendered":"<p>Forente Nasjoner for Israel (UNIFY) kurs Gratis kurs &#8211; Kun for medlemmer av De Forente Nasjoner for Israel. Viktigheten av dette kurset kan ikke undervurderes i lys av det n\u00e5v\u00e6rende intense \u00e5ndelige klimaet som st\u00e5r imot det j\u00f8diske folket og deres hjemland. Israel er virkelig nasjonenes profetiske tidsur \u2013 og dommen over hvordan hun har&#8230;<\/p>\n","protected":false},"author":1,"featured_media":44983,"parent":0,"menu_order":0,"comment_status":"closed","ping_status":"closed","template":"","meta":{"pmpro_default_level":"","_kad_blocks_custom_css":"","_kad_blocks_head_custom_js":"","_kad_blocks_body_custom_js":"","_kad_blocks_footer_custom_js":"","_kadence_starter_templates_imported_post":false,"_kad_post_transparent":"","_kad_post_title":"hide","_kad_post_layout":"","_kad_post_sidebar_id":"","_kad_post_content_style":"","_kad_post_vertical_padding":"hide","_kad_post_feature":"","_kad_post_feature_position":"","_kad_post_header":false,"_kad_post_footer":false,"_kad_post_classname":"","footnotes":""},"class_list":["post-58890","page","type-page","status-publish","has-post-thumbnail","hentry","pmpro-has-access"],"taxonomy_info":[],"featured_image_src_large":["https:\/\/www.grmbibleinstitute.com\/wp-content\/uploads\/2023\/06\/cropped-favicon.png",512,512,false],"author_info":{"display_name":"W B","author_link":"https:\/\/www.grmbibleinstitute.com\/no\/author\/victor\/"},"comment_info":0,"_links":{"self":[{"href":"https:\/\/www.grmbibleinstitute.com\/no\/wp-json\/wp\/v2\/pages\/58890","targetHints":{"allow":["GET"]}}],"collection":[{"href":"https:\/\/www.grmbibleinstitute.com\/no\/wp-json\/wp\/v2\/pages"}],"about":[{"href":"https:\/\/www.grmbibleinstitute.com\/no\/wp-json\/wp\/v2\/types\/page"}],"author":[{"embeddable":true,"href":"https:\/\/www.grmbibleinstitute.com\/no\/wp-json\/wp\/v2\/users\/1"}],"replies":[{"embeddable":true,"href":"https:\/\/www.grmbibleinstitute.com\/no\/wp-json\/wp\/v2\/comments?post=58890"}],"version-history":[{"count":2,"href":"https:\/\/www.grmbibleinstitute.com\/no\/wp-json\/wp\/v2\/pages\/58890\/revisions"}],"predecessor-version":[{"id":58893,"href":"https:\/\/www.grmbibleinstitute.com\/no\/wp-json\/wp\/v2\/pages\/58890\/revisions\/58893"}],"wp:featuredmedia":[{"embeddable":true,"href":"https:\/\/www.grmbibleinstitute.com\/no\/wp-json\/wp\/v2\/media\/44983"}],"wp:attachment":[{"href":"https:\/\/www.grmbibleinstitute.com\/no\/wp-json\/wp\/v2\/media?parent=58890"}],"curies":[{"name":"wp","href":"https:\/\/api.w.org\/{rel}","templated":true}]}}