{"id":58930,"date":"2021-04-28T05:19:19","date_gmt":"2021-04-28T11:19:19","guid":{"rendered":"https:\/\/www.grmbibleinstitute.com\/?page_id=58930"},"modified":"2026-02-16T15:54:38","modified_gmt":"2026-02-16T21:54:38","slug":"hem","status":"publish","type":"page","link":"https:\/\/www.grmbibleinstitute.com\/sv\/","title":{"rendered":"Hem"},"content":{"rendered":"<style>.kb-row-layout-id58930_3346e0-e7 > .kt-row-column-wrap{align-content:start;}:where(.kb-row-layout-id58930_3346e0-e7 > .kt-row-column-wrap) > .wp-block-kadence-column{justify-content:start;}.kb-row-layout-id58930_3346e0-e7 > .kt-row-column-wrap{column-gap:var(--global-kb-gap-md, 2rem);row-gap:var(--global-kb-gap-md, 2rem);max-width:var( --global-content-width, 1170px );padding-left:var(--global-content-edge-padding);padding-right:var(--global-content-edge-padding);padding-top:var(--global-kb-spacing-4xl, 8rem);padding-bottom:var(--global-kb-spacing-xxl, 5rem);grid-template-columns:minmax(0, 1fr);}.kb-row-layout-id58930_3346e0-e7{background-color:#bba580;background-image:url('https:\/\/www.grmbibleinstitute.com\/wp-content\/uploads\/2025\/09\/UNIFY-course-banner-1.jpg');background-size:cover;background-position:50% 50%;background-attachment:fixed;background-repeat:no-repeat;}.kb-row-layout-id58930_3346e0-e7 > .kt-row-layout-overlay{opacity:0.90;background:linear-gradient(135deg,rgb(187,165,128) 0%,rgb(159,133,102) 100%);}@media all and (max-width: 1024px), only screen and (min-device-width: 1024px) and (max-device-width: 1366px) and (-webkit-min-device-pixel-ratio: 2) and (hover: none){.kb-row-layout-id58930_3346e0-e7{background-attachment:scroll;}}@media all and (max-width: 1024px){.kb-row-layout-id58930_3346e0-e7 > .kt-row-column-wrap{padding-top:var(--global-kb-spacing-3xl, 6.5rem);padding-bottom:var(--global-kb-spacing-xl, 4rem);grid-template-columns:minmax(0, 1fr);}}@media all and (max-width: 767px){.kb-row-layout-id58930_3346e0-e7 > .kt-row-column-wrap{padding-top:var(--global-kb-spacing-3xl, 6.5rem);padding-bottom:var(--global-kb-spacing-md, 2rem);grid-template-columns:minmax(0, 1fr);}}<\/style><div class=\"kb-row-layout-wrap kb-row-layout-id58930_3346e0-e7 alignfull kt-row-has-bg wp-block-kadence-rowlayout\"><div class=\"kt-row-layout-overlay kt-row-overlay-gradient\"><\/div><div class=\"kt-row-column-wrap kt-has-1-columns kt-row-layout-equal kt-tab-layout-inherit kt-mobile-layout-row kt-row-valign-top kb-theme-content-width\">\n<style>.kadence-column58930_1a6666-8d > .kt-inside-inner-col{box-shadow:0px 8px 16px 0px rgba(0, 0, 0, 0.2);}.kadence-column58930_1a6666-8d > .kt-inside-inner-col,.kadence-column58930_1a6666-8d > .kt-inside-inner-col:before{border-top-left-radius:0.5rem;border-top-right-radius:0.5rem;border-bottom-right-radius:0.5rem;border-bottom-left-radius:0.5rem;}.kadence-column58930_1a6666-8d > .kt-inside-inner-col{column-gap:var(--global-kb-gap-sm, 1rem);}.kadence-column58930_1a6666-8d > .kt-inside-inner-col{flex-direction:column;}.kadence-column58930_1a6666-8d > .kt-inside-inner-col > .aligncenter{width:100%;}.kadence-column58930_1a6666-8d > .kt-inside-inner-col{background-color:#ffffff;}.kadence-column58930_1a6666-8d > .kt-inside-inner-col:before{opacity:0.3;}.kadence-column58930_1a6666-8d{position:relative;}@media all and (max-width: 1024px){.kadence-column58930_1a6666-8d > .kt-inside-inner-col{flex-direction:column;justify-content:center;}}@media all and (max-width: 767px){.kadence-column58930_1a6666-8d > .kt-inside-inner-col{flex-direction:column;justify-content:center;}}<\/style>\n<div class=\"wp-block-kadence-column kadence-column58930_1a6666-8d\"><div class=\"kt-inside-inner-col\"><style>.wp-block-kadence-image.kb-image58930_060935-00:not(.kb-specificity-added):not(.kb-extra-specificity-added){margin-top:0px;margin-right:0px;margin-bottom:0px;margin-left:0px;}.kb-image58930_060935-00:not(.kb-image-is-ratio-size) .kb-img, .kb-image58930_060935-00.kb-image-is-ratio-size{padding-top:0px;padding-right:0px;padding-bottom:0px;padding-left:0px;}.kb-image58930_060935-00 .kb-image-has-overlay:after{opacity:0.3;border-top-left-radius:0.5rem;border-top-right-radius:0.5rem;border-bottom-right-radius:0rem;border-bottom-left-radius:0rem;}.kb-image58930_060935-00 img.kb-img, .kb-image58930_060935-00 .kb-img img{border-top-left-radius:0.5rem;border-top-right-radius:0.5rem;border-bottom-right-radius:0rem;border-bottom-left-radius:0rem;}<\/style>\n<figure class=\"wp-block-kadence-image kb-image58930_060935-00 kb-image-is-ratio-size\"><div class=\"kb-is-ratio-image kb-image-ratio-land169\"><img loading=\"lazy\" decoding=\"async\" width=\"1920\" height=\"1281\" src=\"https:\/\/www.grmbibleinstitute.com\/wp-content\/uploads\/2025\/09\/UNIFY-course-banner-1.jpg\" alt=\"United Nations for Israel Course\" class=\"kb-img wp-image-57849\" srcset=\"https:\/\/www.grmbibleinstitute.com\/wp-content\/uploads\/2025\/09\/UNIFY-course-banner-1.jpg 1920w, https:\/\/www.grmbibleinstitute.com\/wp-content\/uploads\/2025\/09\/UNIFY-course-banner-1-300x200.jpg 300w, https:\/\/www.grmbibleinstitute.com\/wp-content\/uploads\/2025\/09\/UNIFY-course-banner-1-1024x683.jpg 1024w, https:\/\/www.grmbibleinstitute.com\/wp-content\/uploads\/2025\/09\/UNIFY-course-banner-1-768x512.jpg 768w, https:\/\/www.grmbibleinstitute.com\/wp-content\/uploads\/2025\/09\/UNIFY-course-banner-1-1536x1025.jpg 1536w, https:\/\/www.grmbibleinstitute.com\/wp-content\/uploads\/2025\/09\/UNIFY-course-banner-1-600x400.jpg 600w\" sizes=\"auto, (max-width: 1920px) 100vw, 1920px\" \/><\/div><\/figure>\n\n\n<style>.kb-row-layout-id58930_2e5c0c-eb > .kt-row-column-wrap{align-content:start;}:where(.kb-row-layout-id58930_2e5c0c-eb > .kt-row-column-wrap) > .wp-block-kadence-column{justify-content:start;}.kb-row-layout-id58930_2e5c0c-eb > .kt-row-column-wrap{column-gap:var(--global-kb-gap-md, 2rem);row-gap:var(--global-kb-gap-md, 2rem);max-width:var( --global-content-width, 1170px );padding-left:var(--global-content-edge-padding);padding-right:var(--global-content-edge-padding);padding-top:var(--global-kb-spacing-md, 2rem);padding-bottom:var(--global-kb-spacing-md, 2rem);grid-template-columns:minmax(0, 1fr);}.kb-row-layout-id58930_2e5c0c-eb > .kt-row-layout-overlay{opacity:0.30;}@media all and (max-width: 1024px){.kb-row-layout-id58930_2e5c0c-eb > .kt-row-column-wrap{grid-template-columns:minmax(0, 1fr);}}@media all and (max-width: 767px){.kb-row-layout-id58930_2e5c0c-eb > .kt-row-column-wrap{grid-template-columns:minmax(0, 1fr);}}<\/style><div class=\"kb-row-layout-wrap kb-row-layout-id58930_2e5c0c-eb alignnone wp-block-kadence-rowlayout\"><div class=\"kt-row-column-wrap kt-has-1-columns kt-row-layout-equal kt-tab-layout-inherit kt-mobile-layout-row kt-row-valign-top kb-theme-content-width\">\n<style>.kadence-column58930_f045fe-7c > .kt-inside-inner-col{padding-top:var(--global-kb-spacing-xs, 1rem);padding-right:var(--global-kb-spacing-xs, 1rem);padding-bottom:var(--global-kb-spacing-xs, 1rem);padding-left:var(--global-kb-spacing-xs, 1rem);}.kadence-column58930_f045fe-7c > .kt-inside-inner-col,.kadence-column58930_f045fe-7c > .kt-inside-inner-col:before{border-top-left-radius:0px;border-top-right-radius:0px;border-bottom-right-radius:0px;border-bottom-left-radius:0px;}.kadence-column58930_f045fe-7c > .kt-inside-inner-col{column-gap:var(--global-kb-gap-sm, 1rem);}.kadence-column58930_f045fe-7c > .kt-inside-inner-col{flex-direction:column;}.kadence-column58930_f045fe-7c > .kt-inside-inner-col > .aligncenter{width:100%;}.kadence-column58930_f045fe-7c > .kt-inside-inner-col:before{opacity:0.3;}.kadence-column58930_f045fe-7c{position:relative;}@media all and (max-width: 1024px){.kadence-column58930_f045fe-7c > .kt-inside-inner-col{flex-direction:column;justify-content:center;}}@media all and (max-width: 767px){.kadence-column58930_f045fe-7c > .kt-inside-inner-col{padding-top:0px;padding-right:0px;padding-bottom:0px;padding-left:0px;flex-direction:column;justify-content:center;}}<\/style>\n<div class=\"wp-block-kadence-column kadence-column58930_f045fe-7c\"><div class=\"kt-inside-inner-col\"><style>.wp-block-kadence-advancedheading.kt-adv-heading58930_66d4c0-5c, .wp-block-kadence-advancedheading.kt-adv-heading58930_66d4c0-5c[data-kb-block=\"kb-adv-heading58930_66d4c0-5c\"]{line-height:1.1;font-style:normal;}.wp-block-kadence-advancedheading.kt-adv-heading58930_66d4c0-5c mark.kt-highlight, .wp-block-kadence-advancedheading.kt-adv-heading58930_66d4c0-5c[data-kb-block=\"kb-adv-heading58930_66d4c0-5c\"] mark.kt-highlight{font-style:normal;color:#f76a0c;-webkit-box-decoration-break:clone;box-decoration-break:clone;padding-top:0px;padding-right:0px;padding-bottom:0px;padding-left:0px;}.wp-block-kadence-advancedheading.kt-adv-heading58930_66d4c0-5c img.kb-inline-image, .wp-block-kadence-advancedheading.kt-adv-heading58930_66d4c0-5c[data-kb-block=\"kb-adv-heading58930_66d4c0-5c\"] img.kb-inline-image{width:150px;vertical-align:baseline;}@media all and (max-width: 767px){.wp-block-kadence-advancedheading.kt-adv-heading58930_66d4c0-5c, .wp-block-kadence-advancedheading.kt-adv-heading58930_66d4c0-5c[data-kb-block=\"kb-adv-heading58930_66d4c0-5c\"]{font-size:2rem;}}<\/style>\n<h2 class=\"kt-adv-heading58930_66d4c0-5c wp-block-kadence-advancedheading\" data-kb-block=\"kb-adv-heading58930_66d4c0-5c\">F\u00f6renta Nationerna f\u00f6r Israel (UNIFY) kurs<\/h2>\n\n\n<style>.wp-block-kadence-advancedheading.kt-adv-heading58930_8bdb47-30, .wp-block-kadence-advancedheading.kt-adv-heading58930_8bdb47-30[data-kb-block=\"kb-adv-heading58930_8bdb47-30\"]{padding-top:var(--global-kb-spacing-xs, 1rem);padding-right:var(--global-kb-spacing-sm, 1.5rem);padding-bottom:var(--global-kb-spacing-xs, 1rem);padding-left:var(--global-kb-spacing-sm, 1.5rem);font-size:1.5rem;line-height:1.1;font-style:normal;border-top-left-radius:0.5rem;border-top-right-radius:0.5rem;border-bottom-right-radius:0.5rem;border-bottom-left-radius:0.5rem;}.wp-block-kadence-advancedheading.kt-adv-heading58930_8bdb47-30[data-kb-block=\"kb-adv-heading58930_8bdb47-30\"]{display:flex;gap:0.25em;align-items:start;}.wp-block-kadence-advancedheading.kt-adv-heading58930_8bdb47-30[data-kb-block=\"kb-adv-heading58930_8bdb47-30\"] .kb-adv-heading-icon svg{width:1em;height:1em;}.wp-block-kadence-advancedheading.kt-adv-heading58930_8bdb47-30[data-kb-block=\"kb-adv-heading58930_8bdb47-30\"] .kb-adv-heading-icon{color:var(--global-palette1, #3182CE);}.wp-block-kadence-advancedheading.kt-adv-heading58930_8bdb47-30 mark.kt-highlight, .wp-block-kadence-advancedheading.kt-adv-heading58930_8bdb47-30[data-kb-block=\"kb-adv-heading58930_8bdb47-30\"] mark.kt-highlight{font-style:normal;color:#f76a0c;-webkit-box-decoration-break:clone;box-decoration-break:clone;padding-top:0px;padding-right:0px;padding-bottom:0px;padding-left:0px;}.wp-block-kadence-advancedheading.kt-adv-heading58930_8bdb47-30 img.kb-inline-image, .wp-block-kadence-advancedheading.kt-adv-heading58930_8bdb47-30[data-kb-block=\"kb-adv-heading58930_8bdb47-30\"] img.kb-inline-image{width:150px;vertical-align:baseline;}@media all and (max-width: 767px){.wp-block-kadence-advancedheading.kt-adv-heading58930_8bdb47-30, .wp-block-kadence-advancedheading.kt-adv-heading58930_8bdb47-30[data-kb-block=\"kb-adv-heading58930_8bdb47-30\"]{padding-right:var(--global-kb-spacing-xs, 1rem);padding-left:var(--global-kb-spacing-xs, 1rem);font-size:1rem;}}<\/style><p class=\"kt-adv-heading58930_8bdb47-30 wp-block-kadence-advancedheading kt-adv-heading-has-icon has-theme-palette8-background-color has-background\" data-kb-block=\"kb-adv-heading58930_8bdb47-30\"><span class=\"kb-svg-icon-wrap kb-adv-heading-icon kb-svg-icon-fas_info-circle kb-adv-heading-icon-side-left\"><svg viewBox=\"0 0 512 512\"  fill=\"currentColor\" xmlns=\"http:\/\/www.w3.org\/2000\/svg\"  aria-hidden=\"true\"><path d=\"M256 8C119.043 8 8 119.083 8 256c0 136.997 111.043 248 248 248s248-111.003 248-248C504 119.083 392.957 8 256 8zm0 110c23.196 0 42 18.804 42 42s-18.804 42-42 42-42-18.804-42-42 18.804-42 42-42zm56 254c0 6.627-5.373 12-12 12h-88c-6.627 0-12-5.373-12-12v-24c0-6.627 5.373-12 12-12h12v-64h-12c-6.627 0-12-5.373-12-12v-24c0-6.627 5.373-12 12-12h64c6.627 0 12 5.373 12 12v100h12c6.627 0 12 5.373 12 12v24z\"\/><\/svg><\/span><span class=\"kb-adv-text-inner\"><strong>Gratis kurs<\/strong> &#8211; Endast f\u00f6r medlemmar i F\u00f6renta Nationerna f\u00f6r Israel. <\/span><\/p>\n\n<style>.wp-block-kadence-advancedheading.kt-adv-heading58930_d0e4c1-0a, .wp-block-kadence-advancedheading.kt-adv-heading58930_d0e4c1-0a[data-kb-block=\"kb-adv-heading58930_d0e4c1-0a\"]{font-weight:700;font-style:normal;}.wp-block-kadence-advancedheading.kt-adv-heading58930_d0e4c1-0a mark.kt-highlight, .wp-block-kadence-advancedheading.kt-adv-heading58930_d0e4c1-0a[data-kb-block=\"kb-adv-heading58930_d0e4c1-0a\"] mark.kt-highlight{font-style:normal;color:#f76a0c;-webkit-box-decoration-break:clone;box-decoration-break:clone;padding-top:0px;padding-right:0px;padding-bottom:0px;padding-left:0px;}.wp-block-kadence-advancedheading.kt-adv-heading58930_d0e4c1-0a img.kb-inline-image, .wp-block-kadence-advancedheading.kt-adv-heading58930_d0e4c1-0a[data-kb-block=\"kb-adv-heading58930_d0e4c1-0a\"] img.kb-inline-image{width:150px;vertical-align:baseline;}<\/style>\n<p class=\"kt-adv-heading58930_d0e4c1-0a wp-block-kadence-advancedheading\" data-kb-block=\"kb-adv-heading58930_d0e4c1-0a\">Betydelsen av denna kurs kan inte underskattas mot bakgrund av det nuvarande intensiva andliga klimatet som mots\u00e4tter sig det judiska folket och deras hemland. Israel \u00e4r verkligen nationernas profetiska tidsklocka \u2013 och domen f\u00f6r hur Israel har behandlats kommer snart att falla.<\/p>\n\n\n<style>.wp-block-kadence-advancedheading.kt-adv-heading58930_f9603d-b5, .wp-block-kadence-advancedheading.kt-adv-heading58930_f9603d-b5[data-kb-block=\"kb-adv-heading58930_f9603d-b5\"]{font-style:normal;}.wp-block-kadence-advancedheading.kt-adv-heading58930_f9603d-b5 mark.kt-highlight, .wp-block-kadence-advancedheading.kt-adv-heading58930_f9603d-b5[data-kb-block=\"kb-adv-heading58930_f9603d-b5\"] mark.kt-highlight{font-style:normal;color:#f76a0c;-webkit-box-decoration-break:clone;box-decoration-break:clone;padding-top:0px;padding-right:0px;padding-bottom:0px;padding-left:0px;}.wp-block-kadence-advancedheading.kt-adv-heading58930_f9603d-b5 img.kb-inline-image, .wp-block-kadence-advancedheading.kt-adv-heading58930_f9603d-b5[data-kb-block=\"kb-adv-heading58930_f9603d-b5\"] img.kb-inline-image{width:150px;vertical-align:baseline;}<\/style>\n<p class=\"kt-adv-heading58930_f9603d-b5 wp-block-kadence-advancedheading\" data-kb-block=\"kb-adv-heading58930_f9603d-b5\">Kursen &#8220;F\u00f6renta Nationerna f\u00f6r Israel&#8221; har skickligt utformats av Dr Dominiquae Bierman \u2013 en israelisk-amerikansk pastor och \u00e4rkebiskop\u2013 kursen beskriver tydligt hur och varf\u00f6r du b\u00f6r bli en del av det messianskt smorda apostoliska profetiska folket som reser sig som en m\u00e4ktig arm\u00e9, bemyndigad av den Helige Ande att omintetg\u00f6ra Israels fienders planer. M\u00e5nga kallas att f\u00f6rl\u00f6sa en stor v\u00e4ckelse och en rik sk\u00f6rd av sj\u00e4lar till Hans rike.<\/p>\n\n\n<style>.wp-block-kadence-advancedheading.kt-adv-heading58930_a78026-e2, .wp-block-kadence-advancedheading.kt-adv-heading58930_a78026-e2[data-kb-block=\"kb-adv-heading58930_a78026-e2\"]{font-style:normal;}.wp-block-kadence-advancedheading.kt-adv-heading58930_a78026-e2 mark.kt-highlight, .wp-block-kadence-advancedheading.kt-adv-heading58930_a78026-e2[data-kb-block=\"kb-adv-heading58930_a78026-e2\"] mark.kt-highlight{font-style:normal;color:#f76a0c;-webkit-box-decoration-break:clone;box-decoration-break:clone;padding-top:0px;padding-right:0px;padding-bottom:0px;padding-left:0px;}.wp-block-kadence-advancedheading.kt-adv-heading58930_a78026-e2 img.kb-inline-image, .wp-block-kadence-advancedheading.kt-adv-heading58930_a78026-e2[data-kb-block=\"kb-adv-heading58930_a78026-e2\"] img.kb-inline-image{width:150px;vertical-align:baseline;}<\/style>\n<p class=\"kt-adv-heading58930_a78026-e2 wp-block-kadence-advancedheading\" data-kb-block=\"kb-adv-heading58930_a78026-e2\">Denna omfattande kurs \u00e4r fylld med bibliska sanningar som alla ger dig en solid grund och g\u00f6r det m\u00f6jligt f\u00f6r varje deltagare att p\u00e5verka sin egen stad och nation. Dessa sanningar \u00f6ppnar en andlig port genom vilken h\u00e4rlighetens konung kommer att tr\u00e4da in.<\/p>\n\n\n<style>.wp-block-kadence-advancedheading.kt-adv-heading58930_c671a7-64, .wp-block-kadence-advancedheading.kt-adv-heading58930_c671a7-64[data-kb-block=\"kb-adv-heading58930_c671a7-64\"]{font-weight:700;font-style:normal;}.wp-block-kadence-advancedheading.kt-adv-heading58930_c671a7-64 mark.kt-highlight, .wp-block-kadence-advancedheading.kt-adv-heading58930_c671a7-64[data-kb-block=\"kb-adv-heading58930_c671a7-64\"] mark.kt-highlight{font-style:normal;color:#f76a0c;-webkit-box-decoration-break:clone;box-decoration-break:clone;padding-top:0px;padding-right:0px;padding-bottom:0px;padding-left:0px;}.wp-block-kadence-advancedheading.kt-adv-heading58930_c671a7-64 img.kb-inline-image, .wp-block-kadence-advancedheading.kt-adv-heading58930_c671a7-64[data-kb-block=\"kb-adv-heading58930_c671a7-64\"] img.kb-inline-image{width:150px;vertical-align:baseline;}<\/style>\n<p class=\"kt-adv-heading58930_c671a7-64 wp-block-kadence-advancedheading\" data-kb-block=\"kb-adv-heading58930_c671a7-64\">Genom UNIFY-kursen kommer du att:<\/p>\n\n\n\n<ul class=\"wp-block-list\">\n<li>F\u00f6rst\u00e5 hur man verkligen \u00e4lskar Hans utvalda folk och blir som Rut f\u00f6r Naomi.<\/li>\n\n\n\n<li>L\u00e4r dig genom Dr. Dominiquae Biermans strategiska insikter hur man st\u00e5r p\u00e5 Israels sida, mot alla odds, trots fientliga f\u00f6rh\u00e5llanden.<\/li>\n\n\n\n<li>Anpassa dig till det sanna evangeliet som skapades i Sion f\u00f6r att f\u00f6rvandla ditt eget liv och ha en evig inverkan p\u00e5 din nation.<\/li>\n\n\n\n<li>Samarbeta med Hans heliga agenda f\u00f6r att se f\u00e5rnationer bildas under denna tid<\/li>\n<\/ul>\n\n\n<style>.wp-block-kadence-advancedheading.kt-adv-heading58930_ea4a10-52, .wp-block-kadence-advancedheading.kt-adv-heading58930_ea4a10-52[data-kb-block=\"kb-adv-heading58930_ea4a10-52\"]{font-weight:700;font-style:normal;}.wp-block-kadence-advancedheading.kt-adv-heading58930_ea4a10-52 mark.kt-highlight, .wp-block-kadence-advancedheading.kt-adv-heading58930_ea4a10-52[data-kb-block=\"kb-adv-heading58930_ea4a10-52\"] mark.kt-highlight{font-style:normal;color:#f76a0c;-webkit-box-decoration-break:clone;box-decoration-break:clone;padding-top:0px;padding-right:0px;padding-bottom:0px;padding-left:0px;}.wp-block-kadence-advancedheading.kt-adv-heading58930_ea4a10-52 img.kb-inline-image, .wp-block-kadence-advancedheading.kt-adv-heading58930_ea4a10-52[data-kb-block=\"kb-adv-heading58930_ea4a10-52\"] img.kb-inline-image{width:150px;vertical-align:baseline;}<\/style>\n<p class=\"kt-adv-heading58930_ea4a10-52 wp-block-kadence-advancedheading\" data-kb-block=\"kb-adv-heading58930_ea4a10-52\">Kursinneh\u00e5ll:<\/p>\n\n\n\n<ul class=\"wp-block-list\">\n<li>UNIFY:s Handbok f\u00f6r f\u00e4ltarbete<\/li>\n\n\n\n<li>UNIFY:s Manifest<\/li>\n\n\n\n<li>Fr\u00e5gor<\/li>\n\n\n\n<li>Utskrivbart Certifikat<\/li>\n<\/ul>\n\n\n\n<div class=\"wp-block-buttons\"><div class=\"wp-block-button\"><a class=\"wp-block-button__link wp-block-pmpro-checkout-button wp-element-button\" href=\"https:\/\/www.grmbibleinstitute.com\/sv\/mina-medlemskap\/membership-checkout\/?pmpro_level=108\">B\u00f6rja studera<\/a><\/div><\/div>\n\n\n<style>.kadence-column58930_6960fa-08 > .kt-inside-inner-col{padding-top:var(--global-kb-spacing-xs, 1rem);padding-right:var(--global-kb-spacing-xs, 1rem);padding-bottom:var(--global-kb-spacing-xs, 1rem);padding-left:var(--global-kb-spacing-xs, 1rem);}.kadence-column58930_6960fa-08 > .kt-inside-inner-col{border-top:1px solid #ffcc00;border-right:1px solid #ffcc00;border-bottom:1px solid #ffcc00;border-left:1px solid #ffcc00;}.kadence-column58930_6960fa-08 > .kt-inside-inner-col,.kadence-column58930_6960fa-08 > .kt-inside-inner-col:before{border-top-left-radius:0.5rem;border-top-right-radius:0.5rem;border-bottom-right-radius:0.5rem;border-bottom-left-radius:0.5rem;}.kadence-column58930_6960fa-08 > .kt-inside-inner-col{column-gap:var(--global-kb-gap-sm, 1rem);}.kadence-column58930_6960fa-08 > .kt-inside-inner-col{flex-direction:column;}.kadence-column58930_6960fa-08 > .kt-inside-inner-col > .aligncenter{width:100%;}.kadence-column58930_6960fa-08 > .kt-inside-inner-col{background-color:rgba(255, 204, 0, 0.07);}.kadence-column58930_6960fa-08 > .kt-inside-inner-col:before{opacity:0.3;}.kadence-column58930_6960fa-08{position:relative;}@media all and (max-width: 1024px){.kadence-column58930_6960fa-08 > .kt-inside-inner-col{border-top:1px solid #ffcc00;border-right:1px solid #ffcc00;border-bottom:1px solid #ffcc00;border-left:1px solid #ffcc00;flex-direction:column;justify-content:center;}}@media all and (max-width: 767px){.kadence-column58930_6960fa-08 > .kt-inside-inner-col{border-top:1px solid #ffcc00;border-right:1px solid #ffcc00;border-bottom:1px solid #ffcc00;border-left:1px solid #ffcc00;flex-direction:column;justify-content:center;}}<\/style>\n<div class=\"wp-block-kadence-column kadence-column58930_6960fa-08\"><div class=\"kt-inside-inner-col\"><style>.wp-block-kadence-advancedheading.kt-adv-heading58930_b4df73-f6, .wp-block-kadence-advancedheading.kt-adv-heading58930_b4df73-f6[data-kb-block=\"kb-adv-heading58930_b4df73-f6\"]{margin-bottom:var(--global-kb-spacing-xxs, 0.5rem);font-style:normal;}.wp-block-kadence-advancedheading.kt-adv-heading58930_b4df73-f6 mark.kt-highlight, .wp-block-kadence-advancedheading.kt-adv-heading58930_b4df73-f6[data-kb-block=\"kb-adv-heading58930_b4df73-f6\"] mark.kt-highlight{font-style:normal;color:#f76a0c;-webkit-box-decoration-break:clone;box-decoration-break:clone;padding-top:0px;padding-right:0px;padding-bottom:0px;padding-left:0px;}.wp-block-kadence-advancedheading.kt-adv-heading58930_b4df73-f6 img.kb-inline-image, .wp-block-kadence-advancedheading.kt-adv-heading58930_b4df73-f6[data-kb-block=\"kb-adv-heading58930_b4df73-f6\"] img.kb-inline-image{width:150px;vertical-align:baseline;}<\/style>\n<p class=\"kt-adv-heading58930_b4df73-f6 wp-block-kadence-advancedheading\" data-kb-block=\"kb-adv-heading58930_b4df73-f6\"><strong>Denna kurs \u00e4r endast tillg\u00e4nglig f\u00f6r aktiva medlemmar i F\u00f6renta Nationerna f\u00f6r Israel (UNIFY).<\/strong><\/p>\n\n\n<style>.wp-block-kadence-advancedheading.kt-adv-heading58930_16618e-36, .wp-block-kadence-advancedheading.kt-adv-heading58930_16618e-36[data-kb-block=\"kb-adv-heading58930_16618e-36\"]{margin-bottom:var(--global-kb-spacing-xxs, 0.5rem);font-style:normal;}.wp-block-kadence-advancedheading.kt-adv-heading58930_16618e-36 mark.kt-highlight, .wp-block-kadence-advancedheading.kt-adv-heading58930_16618e-36[data-kb-block=\"kb-adv-heading58930_16618e-36\"] mark.kt-highlight{font-style:normal;color:#f76a0c;-webkit-box-decoration-break:clone;box-decoration-break:clone;padding-top:0px;padding-right:0px;padding-bottom:0px;padding-left:0px;}.wp-block-kadence-advancedheading.kt-adv-heading58930_16618e-36 img.kb-inline-image, .wp-block-kadence-advancedheading.kt-adv-heading58930_16618e-36[data-kb-block=\"kb-adv-heading58930_16618e-36\"] img.kb-inline-image{width:150px;vertical-align:baseline;}<\/style>\n<p class=\"kt-adv-heading58930_16618e-36 wp-block-kadence-advancedheading\" data-kb-block=\"kb-adv-heading58930_16618e-36\">Om du inte \u00e4r medlem i UNIFY, bes\u00f6k <a href=\"https:\/\/unitednationsforisrael.org\/sv\/medlemskap\/\" rel=\"noopener\">UNIFY:s medlemswebbplats<\/a> och registrera dig f\u00f6rst.<\/p>\n\n\n<style>.wp-block-kadence-advancedheading.kt-adv-heading58930_5817c0-f0, .wp-block-kadence-advancedheading.kt-adv-heading58930_5817c0-f0[data-kb-block=\"kb-adv-heading58930_5817c0-f0\"]{margin-bottom:0px;font-style:normal;}.wp-block-kadence-advancedheading.kt-adv-heading58930_5817c0-f0 mark.kt-highlight, .wp-block-kadence-advancedheading.kt-adv-heading58930_5817c0-f0[data-kb-block=\"kb-adv-heading58930_5817c0-f0\"] mark.kt-highlight{font-style:normal;color:#f76a0c;-webkit-box-decoration-break:clone;box-decoration-break:clone;padding-top:0px;padding-right:0px;padding-bottom:0px;padding-left:0px;}.wp-block-kadence-advancedheading.kt-adv-heading58930_5817c0-f0 img.kb-inline-image, .wp-block-kadence-advancedheading.kt-adv-heading58930_5817c0-f0[data-kb-block=\"kb-adv-heading58930_5817c0-f0\"] img.kb-inline-image{width:150px;vertical-align:baseline;}<\/style>\n<p class=\"kt-adv-heading58930_5817c0-f0 wp-block-kadence-advancedheading\" data-kb-block=\"kb-adv-heading58930_5817c0-f0\"><strong>F\u00f6r att delta i UNIFY-kursen m\u00e5ste du skapa ett nytt konto med den E-postadress som du anv\u00e4nde f\u00f6r att registrera dig som medlem i UNIFY.<\/strong><\/p>\n<\/div><\/div>\n<\/div><\/div>\n\n<\/div><\/div><\/div><\/div>\n\n<\/div><\/div>","protected":false},"excerpt":{"rendered":"<p>F\u00f6renta Nationerna f\u00f6r Israel (UNIFY) kurs Gratis kurs &#8211; Endast f\u00f6r medlemmar i F\u00f6renta Nationerna f\u00f6r Israel. Betydelsen av denna kurs kan inte underskattas mot bakgrund av det nuvarande intensiva andliga klimatet som mots\u00e4tter sig det judiska folket och deras hemland. Israel \u00e4r verkligen nationernas profetiska tidsklocka \u2013 och domen f\u00f6r hur Israel har behandlats&#8230;<\/p>\n","protected":false},"author":1,"featured_media":44986,"parent":0,"menu_order":0,"comment_status":"closed","ping_status":"closed","template":"","meta":{"pmpro_default_level":"","_kad_blocks_custom_css":"","_kad_blocks_head_custom_js":"","_kad_blocks_body_custom_js":"","_kad_blocks_footer_custom_js":"","_kadence_starter_templates_imported_post":false,"_kad_post_transparent":"","_kad_post_title":"hide","_kad_post_layout":"","_kad_post_sidebar_id":"","_kad_post_content_style":"","_kad_post_vertical_padding":"hide","_kad_post_feature":"","_kad_post_feature_position":"","_kad_post_header":false,"_kad_post_footer":false,"_kad_post_classname":"","footnotes":""},"class_list":["post-58930","page","type-page","status-publish","has-post-thumbnail","hentry","pmpro-has-access"],"taxonomy_info":[],"featured_image_src_large":["https:\/\/www.grmbibleinstitute.com\/wp-content\/uploads\/2023\/06\/cropped-favicon.png",512,512,false],"author_info":{"display_name":"W B","author_link":"https:\/\/www.grmbibleinstitute.com\/sv\/author\/victor\/"},"comment_info":0,"_links":{"self":[{"href":"https:\/\/www.grmbibleinstitute.com\/sv\/wp-json\/wp\/v2\/pages\/58930","targetHints":{"allow":["GET"]}}],"collection":[{"href":"https:\/\/www.grmbibleinstitute.com\/sv\/wp-json\/wp\/v2\/pages"}],"about":[{"href":"https:\/\/www.grmbibleinstitute.com\/sv\/wp-json\/wp\/v2\/types\/page"}],"author":[{"embeddable":true,"href":"https:\/\/www.grmbibleinstitute.com\/sv\/wp-json\/wp\/v2\/users\/1"}],"replies":[{"embeddable":true,"href":"https:\/\/www.grmbibleinstitute.com\/sv\/wp-json\/wp\/v2\/comments?post=58930"}],"version-history":[{"count":1,"href":"https:\/\/www.grmbibleinstitute.com\/sv\/wp-json\/wp\/v2\/pages\/58930\/revisions"}],"predecessor-version":[{"id":58931,"href":"https:\/\/www.grmbibleinstitute.com\/sv\/wp-json\/wp\/v2\/pages\/58930\/revisions\/58931"}],"wp:featuredmedia":[{"embeddable":true,"href":"https:\/\/www.grmbibleinstitute.com\/sv\/wp-json\/wp\/v2\/media\/44986"}],"wp:attachment":[{"href":"https:\/\/www.grmbibleinstitute.com\/sv\/wp-json\/wp\/v2\/media?parent=58930"}],"curies":[{"name":"wp","href":"https:\/\/api.w.org\/{rel}","templated":true}]}}